{"id":1025,"date":"2023-10-30T16:14:57","date_gmt":"2023-10-30T16:14:57","guid":{"rendered":"https:\/\/harmonybytuzel.com\/?page_id=1025"},"modified":"2023-12-01T08:30:49","modified_gmt":"2023-12-01T08:30:49","slug":"hakkimizda","status":"publish","type":"page","link":"https:\/\/harmonybytuzel.com\/en\/hakkimizda\/","title":{"rendered":"About Us"},"content":{"rendered":"<p>Harmony by T\u00fczel Turizm, otelcilik ve seyahat sekt\u00f6rlerine odaklanan bu dergi, seyahat i\u015fletmeleri, konaklama tesisleri, yat\u00e7\u0131l\u0131k, havayolu, kongre, sa\u011fl\u0131k merkezleri ve di\u011fer sekt\u00f6rel kurulu\u015flar i\u00e7in g\u00fcncel bilgiler ve haberler sunar.<\/p>\n\n\n\n<p>Harmony by T\u00fczel Dergisi&#8217;nin Temel Ama\u00e7lar\u0131<\/p>\n\n\n\n<p>Harmony by T\u00fczel Dergisi, 10 bin \u00fcst d\u00fczey y\u00f6neticiyi hedefleyen bir ileti\u015fim platformu olarak \u00f6ne \u00e7\u0131kar. Sekt\u00f6rle ilgili haberlerden tesis tan\u0131t\u0131mlar\u0131na, kapsaml\u0131 ara\u015ft\u0131rmalardan teknolojik geli\u015fmelere ve sekt\u00f6rdeki \u00f6nemli transferlere kadar bir\u00e7ok konuyu ele al\u0131r. Harmony by T\u00fczel Dergisi, turizm profesyonelleri i\u00e7in ger\u00e7ek bir bilgi, haberle\u015fme ve ileti\u015fim kayna\u011f\u0131 olma \u00f6zelli\u011fi ta\u015f\u0131r.<\/p>\n\n\n\n<p>Kimler Harmony by T\u00fczel Dergisi&#8217;ni Okuyor?<\/p>\n\n\n\n<p>Harmony by T\u00fczel Dergisi, 3-4-5 y\u0131ld\u0131zl\u0131 otel y\u00f6neticileri, restoran i\u015fletmecileri, seyahat acentesi y\u00f6neticileri, turizm yat\u0131r\u0131mc\u0131lar\u0131, mimarlar, i\u00e7 mimarlar, sekt\u00f6r yan firmalar\u0131, dernek y\u00f6neticileri ve \u00fcyeleri, otel ve seyahat acentesi y\u00f6neticileri, yat\u0131r\u0131mc\u0131lar, gazete ve dergi yay\u0131n y\u00f6netmenleri, ajans medya m\u00fcd\u00fcrleri, aboneler ve turizme ilgi duyan herkes taraf\u0131ndan ilgiyle okunmaktad\u0131r.<\/p>\n\n\n\n<p><a href=\"https:\/\/harmonybytuzel.com\/en\/\">www.harmonybytuzel.com<\/a><\/p>\n\n\n\n<p>Harmony by T\u00fczel, T\u00fcrkiye ve yurtd\u0131\u015f\u0131ndan turizm ziyaret\u00e7ilerine ula\u015fan, g\u00fcvenilir bir turizm portal\u0131d\u0131r. Arama motorlar\u0131nda s\u00fcrekli olarak ilk sayfalarda listelenir ve her g\u00fcn 20.000 abonesine e-posta hizmeti sunar. \u0130nternet sitesi <a href=\"https:\/\/harmonybytuzel.com\/en\/\">www.harmonybytuzel.com<\/a>, turizm i\u015fletmeleri ve tedarik\u00e7ileri i\u00e7in dijital d\u00fcnyada markalar\u0131n\u0131 tan\u0131tmak isteyenler i\u00e7in vazge\u00e7ilmez bir bulu\u015fma noktas\u0131d\u0131r.<\/p>\n\n\n\n<p>\u0130\u015f Birli\u011fi Olanaklar\u0131<\/p>\n\n\n\n<ol class=\"wp-block-list\">\n<li>Banner Reklamlar\u0131: Web sitemizin ana sayfas\u0131 ve yaz\u0131 sayfalar\u0131ndaki yan, \u00fcst ve alt alanlara banner reklamlar\u0131n\u0131z\u0131 yerle\u015ftirebilirsiniz. Ayr\u0131ca yaz\u0131lar\u0131m\u0131z\u0131n sonuna banner veya link ile reklam verebilirsiniz.<\/li>\n\n\n\n<li>De\u011ferlendirme Yaz\u0131s\u0131: \u00dcr\u00fcn veya hizmetlerinizi deneyimleyerek kapsaml\u0131 bir de\u011ferlendirme yaz\u0131s\u0131 haz\u0131rlayabiliriz. Bu yaz\u0131y\u0131 web sitemizde ve sosyal medya hesaplar\u0131m\u0131zda payla\u015fabiliriz.<\/li>\n\n\n\n<li>Sponsorluk: Seyahatlerimize, aktivitelerimize veya kullanaca\u011f\u0131m\u0131z ekipmanlara sponsor olabilirsiniz. Sosyal medya payla\u015f\u0131mlar\u0131m\u0131zda sponsorlu\u011funuzu tan\u0131tarak markan\u0131z\u0131n bilinirli\u011fini art\u0131rabiliriz.<\/li>\n\n\n\n<li>Tan\u0131t\u0131m Yaz\u0131s\u0131: Siz taraf\u0131ndan haz\u0131rlanan uygun bir tan\u0131t\u0131m yaz\u0131s\u0131n\u0131 (i\u00e7eri\u011fimizle uyumlu olarak) yay\u0131nlayabiliriz.<\/li>\n\n\n\n<li>Sosyal Medya Reklam\u0131: \u0130\u00e7eri\u011fimizle uyumlu \u015fekilde sosyal medya hesaplar\u0131m\u0131zdan tan\u0131t\u0131mlar\u0131n\u0131z\u0131 yay\u0131nlayabiliriz.<\/li>\n<\/ol>","protected":false},"excerpt":{"rendered":"<p>Harmony by T\u00fczel Turizm, otelcilik ve seyahat sekt\u00f6rlerine odaklanan bu dergi, seyahat i\u015fletmeleri, konaklama tesisleri, yat\u00e7\u0131l\u0131k, havayolu, kongre, sa\u011fl\u0131k merkezleri ve di\u011fer sekt\u00f6rel kurulu\u015flar i\u00e7in g\u00fcncel bilgiler ve haberler sunar. Harmony by T\u00fczel Dergisi&#8217;nin Temel Ama\u00e7lar\u0131 Harmony by T\u00fczel Dergisi, 10 bin \u00fcst d\u00fczey y\u00f6neticiyi hedefleyen bir ileti\u015fim platformu olarak \u00f6ne \u00e7\u0131kar. Sekt\u00f6rle ilgili haberlerden [&hellip;]<\/p>\n","protected":false},"author":3,"featured_media":0,"parent":0,"menu_order":0,"comment_status":"closed","ping_status":"closed","template":"","meta":{"inline_featured_image":false,"footnotes":""},"class_list":["post-1025","page","type-page","status-publish","hentry"],"yoast_head":"<!-- This site is optimized with the Yoast SEO plugin v26.9 - https:\/\/yoast.com\/product\/yoast-seo-wordpress\/ -->\n<title>Hakk\u0131m\u0131zda - Harmony By T\u00fczel<\/title>\n<meta name=\"robots\" content=\"index, follow, max-snippet:-1, max-image-preview:large, max-video-preview:-1\" \/>\n<link rel=\"canonical\" href=\"https:\/\/harmonybytuzel.com\/en\/hakkimizda\/\" \/>\n<meta property=\"og:locale\" content=\"en_GB\" \/>\n<meta property=\"og:type\" content=\"article\" \/>\n<meta property=\"og:title\" content=\"Hakk\u0131m\u0131zda - Harmony By T\u00fczel\" \/>\n<meta property=\"og:description\" content=\"Harmony by T\u00fczel Turizm, otelcilik ve seyahat sekt\u00f6rlerine odaklanan bu dergi, seyahat i\u015fletmeleri, konaklama tesisleri, yat\u00e7\u0131l\u0131k, havayolu, kongre, sa\u011fl\u0131k merkezleri ve di\u011fer sekt\u00f6rel kurulu\u015flar i\u00e7in g\u00fcncel bilgiler ve haberler sunar. Harmony by T\u00fczel Dergisi&#8217;nin Temel Ama\u00e7lar\u0131 Harmony by T\u00fczel Dergisi, 10 bin \u00fcst d\u00fczey y\u00f6neticiyi hedefleyen bir ileti\u015fim platformu olarak \u00f6ne \u00e7\u0131kar. Sekt\u00f6rle ilgili haberlerden [&hellip;]\" \/>\n<meta property=\"og:url\" content=\"https:\/\/harmonybytuzel.com\/en\/hakkimizda\/\" \/>\n<meta property=\"og:site_name\" content=\"Harmony By T\u00fczel\" \/>\n<meta property=\"article:modified_time\" content=\"2023-12-01T08:30:49+00:00\" \/>\n<meta name=\"twitter:card\" content=\"summary_large_image\" \/>\n<meta name=\"twitter:label1\" content=\"Estimated reading time\" \/>\n\t<meta name=\"twitter:data1\" content=\"2 minutes\" \/>\n<script type=\"application\/ld+json\" class=\"yoast-schema-graph\">{\"@context\":\"https:\/\/schema.org\",\"@graph\":[{\"@type\":\"WebPage\",\"@id\":\"https:\/\/harmonybytuzel.com\/hakkimizda\/\",\"url\":\"https:\/\/harmonybytuzel.com\/hakkimizda\/\",\"name\":\"Hakk\u0131m\u0131zda - Harmony By T\u00fczel\",\"isPartOf\":{\"@id\":\"https:\/\/harmonybytuzel.com\/#website\"},\"datePublished\":\"2023-10-30T16:14:57+00:00\",\"dateModified\":\"2023-12-01T08:30:49+00:00\",\"breadcrumb\":{\"@id\":\"https:\/\/harmonybytuzel.com\/hakkimizda\/#breadcrumb\"},\"inLanguage\":\"en-GB\",\"potentialAction\":[{\"@type\":\"ReadAction\",\"target\":[\"https:\/\/harmonybytuzel.com\/hakkimizda\/\"]}]},{\"@type\":\"BreadcrumbList\",\"@id\":\"https:\/\/harmonybytuzel.com\/hakkimizda\/#breadcrumb\",\"itemListElement\":[{\"@type\":\"ListItem\",\"position\":1,\"name\":\"Anasayfa\",\"item\":\"https:\/\/harmonybytuzel.com\/\"},{\"@type\":\"ListItem\",\"position\":2,\"name\":\"Hakk\u0131m\u0131zda\"}]},{\"@type\":\"WebSite\",\"@id\":\"https:\/\/harmonybytuzel.com\/#website\",\"url\":\"https:\/\/harmonybytuzel.com\/\",\"name\":\"Harmony By T\u00fczel\",\"description\":\"S\u0131n\u0131rlar\u0131n \u00d6tesinde, Ke\u015ffin \u0130zinde. \u2022 Beyond Borders, In Pursuit of Discovery.\",\"publisher\":{\"@id\":\"https:\/\/harmonybytuzel.com\/#organization\"},\"potentialAction\":[{\"@type\":\"SearchAction\",\"target\":{\"@type\":\"EntryPoint\",\"urlTemplate\":\"https:\/\/harmonybytuzel.com\/?s={search_term_string}\"},\"query-input\":{\"@type\":\"PropertyValueSpecification\",\"valueRequired\":true,\"valueName\":\"search_term_string\"}}],\"inLanguage\":\"en-GB\"},{\"@type\":\"Organization\",\"@id\":\"https:\/\/harmonybytuzel.com\/#organization\",\"name\":\"Harmony By T\u00fczel\",\"url\":\"https:\/\/harmonybytuzel.com\/\",\"logo\":{\"@type\":\"ImageObject\",\"inLanguage\":\"en-GB\",\"@id\":\"https:\/\/harmonybytuzel.com\/#\/schema\/logo\/image\/\",\"url\":\"https:\/\/harmonybytuzel.com\/wp-content\/uploads\/2026\/01\/cropped-Dergi.Logo_.png\",\"contentUrl\":\"https:\/\/harmonybytuzel.com\/wp-content\/uploads\/2026\/01\/cropped-Dergi.Logo_.png\",\"width\":2362,\"height\":2362,\"caption\":\"Harmony By T\u00fczel\"},\"image\":{\"@id\":\"https:\/\/harmonybytuzel.com\/#\/schema\/logo\/image\/\"},\"sameAs\":[\"https:\/\/www.instagram.com\/harmonybytuzel\/\"]}]}<\/script>\n<!-- \/ Yoast SEO plugin. -->","yoast_head_json":{"title":"Hakk\u0131m\u0131zda - Harmony By T\u00fczel","robots":{"index":"index","follow":"follow","max-snippet":"max-snippet:-1","max-image-preview":"max-image-preview:large","max-video-preview":"max-video-preview:-1"},"canonical":"https:\/\/harmonybytuzel.com\/en\/hakkimizda\/","og_locale":"en_GB","og_type":"article","og_title":"Hakk\u0131m\u0131zda - Harmony By T\u00fczel","og_description":"Harmony by T\u00fczel Turizm, otelcilik ve seyahat sekt\u00f6rlerine odaklanan bu dergi, seyahat i\u015fletmeleri, konaklama tesisleri, yat\u00e7\u0131l\u0131k, havayolu, kongre, sa\u011fl\u0131k merkezleri ve di\u011fer sekt\u00f6rel kurulu\u015flar i\u00e7in g\u00fcncel bilgiler ve haberler sunar. Harmony by T\u00fczel Dergisi&#8217;nin Temel Ama\u00e7lar\u0131 Harmony by T\u00fczel Dergisi, 10 bin \u00fcst d\u00fczey y\u00f6neticiyi hedefleyen bir ileti\u015fim platformu olarak \u00f6ne \u00e7\u0131kar. Sekt\u00f6rle ilgili haberlerden [&hellip;]","og_url":"https:\/\/harmonybytuzel.com\/en\/hakkimizda\/","og_site_name":"Harmony By T\u00fczel","article_modified_time":"2023-12-01T08:30:49+00:00","twitter_card":"summary_large_image","twitter_misc":{"Estimated reading time":"2 minutes"},"schema":{"@context":"https:\/\/schema.org","@graph":[{"@type":"WebPage","@id":"https:\/\/harmonybytuzel.com\/hakkimizda\/","url":"https:\/\/harmonybytuzel.com\/hakkimizda\/","name":"Hakk\u0131m\u0131zda - Harmony By T\u00fczel","isPartOf":{"@id":"https:\/\/harmonybytuzel.com\/#website"},"datePublished":"2023-10-30T16:14:57+00:00","dateModified":"2023-12-01T08:30:49+00:00","breadcrumb":{"@id":"https:\/\/harmonybytuzel.com\/hakkimizda\/#breadcrumb"},"inLanguage":"en-GB","potentialAction":[{"@type":"ReadAction","target":["https:\/\/harmonybytuzel.com\/hakkimizda\/"]}]},{"@type":"BreadcrumbList","@id":"https:\/\/harmonybytuzel.com\/hakkimizda\/#breadcrumb","itemListElement":[{"@type":"ListItem","position":1,"name":"Anasayfa","item":"https:\/\/harmonybytuzel.com\/"},{"@type":"ListItem","position":2,"name":"Hakk\u0131m\u0131zda"}]},{"@type":"WebSite","@id":"https:\/\/harmonybytuzel.com\/#website","url":"https:\/\/harmonybytuzel.com\/","name":"Harmony By\u00fczel","description":"S\u0131n\u0131rlar\u0131n \u00d6tesinde, Ke\u015ffin \u0130zinde. \u2022 Beyond Borders, In Pursuit of Discovery.","publisher":{"@id":"https:\/\/harmonybytuzel.com\/#organization"},"potentialAction":[{"@type":"SearchAction","target":{"@type":"EntryPoint","urlTemplate":"https:\/\/harmonybytuzel.com\/?s={search_term_string}"},"query-input":{"@type":"PropertyValueSpecification","valueRequired":true,"valueName":"search_term_string"}}],"inLanguage":"en-GB"},{"@type":"Organization","@id":"https:\/\/harmonybytuzel.com\/#organization","name":"Harmony By\u00fczel","url":"https:\/\/harmonybytuzel.com\/","logo":{"@type":"ImageObject","inLanguage":"en-GB","@id":"https:\/\/harmonybytuzel.com\/#\/schema\/logo\/image\/","url":"https:\/\/harmonybytuzel.com\/wp-content\/uploads\/2026\/01\/cropped-Dergi.Logo_.png","contentUrl":"https:\/\/harmonybytuzel.com\/wp-content\/uploads\/2026\/01\/cropped-Dergi.Logo_.png","width":2362,"height":2362,"caption":"Harmony By T\u00fczel"},"image":{"@id":"https:\/\/harmonybytuzel.com\/#\/schema\/logo\/image\/"},"sameAs":["https:\/\/www.instagram.com\/harmonybytuzel\/"]}]}},"amp_enabled":true,"_links":{"self":[{"href":"https:\/\/harmonybytuzel.com\/en\/wp-json\/wp\/v2\/pages\/1025","targetHints":{"allow":["GET"]}}],"collection":[{"href":"https:\/\/harmonybytuzel.com\/en\/wp-json\/wp\/v2\/pages"}],"about":[{"href":"https:\/\/harmonybytuzel.com\/en\/wp-json\/wp\/v2\/types\/page"}],"author":[{"embeddable":true,"href":"https:\/\/harmonybytuzel.com\/en\/wp-json\/wp\/v2\/users\/3"}],"replies":[{"embeddable":true,"href":"https:\/\/harmonybytuzel.com\/en\/wp-json\/wp\/v2\/comments?post=1025"}],"version-history":[{"count":3,"href":"https:\/\/harmonybytuzel.com\/en\/wp-json\/wp\/v2\/pages\/1025\/revisions"}],"predecessor-version":[{"id":1154,"href":"https:\/\/harmonybytuzel.com\/en\/wp-json\/wp\/v2\/pages\/1025\/revisions\/1154"}],"wp:attachment":[{"href":"https:\/\/harmonybytuzel.com\/en\/wp-json\/wp\/v2\/media?parent=1025"}],"curies":[{"name":"wp","href":"https:\/\/api.w.org\/{rel}","templated":true}]}}