{"id":1028,"date":"2023-10-30T16:21:33","date_gmt":"2023-10-30T16:21:33","guid":{"rendered":"https:\/\/harmonybytuzel.com\/?page_id=1028"},"modified":"2026-01-23T23:54:23","modified_gmt":"2026-01-23T23:54:23","slug":"kunye","status":"publish","type":"page","link":"https:\/\/harmonybytuzel.com\/en\/kunye\/","title":{"rendered":"Imprint"},"content":{"rendered":"<p class=\"has-text-align-center\"><\/p>\n\n\n<div class=\"wp-block-image\">\n<figure class=\"aligncenter size-full is-resized\"><img fetchpriority=\"high\" decoding=\"async\" width=\"600\" height=\"600\" src=\"https:\/\/harmonybytuzel.com\/wp-content\/uploads\/2023\/10\/2.png\" alt=\"\" class=\"wp-image-1030\" style=\"width:300px\" srcset=\"https:\/\/harmonybytuzel.com\/wp-content\/uploads\/2023\/10\/2.png 600w, https:\/\/harmonybytuzel.com\/wp-content\/uploads\/2023\/10\/2-300x300.png 300w, https:\/\/harmonybytuzel.com\/wp-content\/uploads\/2023\/10\/2-150x150.png 150w\" sizes=\"(max-width: 600px) 100vw, 600px\" \/><\/figure><\/div>\n\n\n<p class=\"has-text-align-center\">Murat T\u00fczel<\/p>\n\n\n\n<p class=\"has-text-align-center\">murattuzel@harmonybytuzel.com<\/p>\n\n\n\n<p class=\"has-text-align-center\">****<\/p>\n\n\n\n<p class=\"has-text-align-center\"><\/p>\n\n\n\n<p class=\"has-text-align-center\"><strong>\u0130mtiyaz Sahibi<\/strong><\/p>\n\n\n\n<p class=\"has-text-align-center\"><em>Tradeandlove Export Import Turizm<\/em><\/p>\n\n\n\n<p class=\"has-text-align-center\"><em>D\u0131\u015f Ticaret Anonim \u015eirketi Ad\u0131na<\/em><\/p>\n\n\n\n<p class=\"has-text-align-center\">Dr. Y\u00fcksel T\u00dcREMEZ<\/p>\n\n\n\n<p class=\"has-text-align-center\"><em>info@tradeandlove.com<\/em><\/p>\n\n\n\n<p class=\"has-text-align-center\"><strong>Genel Yay\u0131n Y\u00f6netmeni ve Sorumlu Yaz\u0131 \u0130\u015fleri M\u00fcd\u00fcr\u00fc<\/strong>&nbsp;<\/p>\n\n\n\n<p class=\"has-text-align-center\">Prof. Dr. Celil U\u011fur \u00d6ZG\u00d6KER<\/p>\n\n\n\n<p class=\"has-text-align-center\"><strong>Hukuk Dan\u0131\u015fman\u0131&nbsp;<\/strong><\/p>\n\n\n\n<p class=\"has-text-align-center\">Av. Enes TUTKUN<\/p>\n\n\n\n<p class=\"has-text-align-center\"><strong>Kurumsal \u0130leti\u015fim M\u00fcd\u00fcr\u00fc<\/strong><\/p>\n\n\n\n<p class=\"has-text-align-center\">Erdal Yal\u00e7\u0131n<\/p>\n\n\n\n<p class=\"has-text-align-center\"><strong>Reklam M\u00fcd\u00fcr\u00fc<\/strong><\/p>\n\n\n\n<p class=\"has-text-align-center\">Sinan Karaca \u00d6ZT\u00dcRK<\/p>\n\n\n\n<p class=\"has-text-align-center\"><strong>Edit\u00f6r<\/strong><\/p>\n\n\n\n<p class=\"has-text-align-center\">Yaman GED\u0130K<\/p>\n\n\n\n<p class=\"has-text-align-center\">\u015eevket GED\u0130K<\/p>\n\n\n\n<p class=\"has-text-align-center\"><strong>G\u00f6rsel Y\u00f6netmen&nbsp;<\/strong><\/p>\n\n\n\n<p class=\"has-text-align-center\">Ferhat GED\u0130K<\/p>\n\n\n\n<p class=\"has-text-align-center\"><strong>Halkla \u0130li\u015fkiler<\/strong><\/p>\n\n\n\n<p class=\"has-text-align-center\">Mesut Galip K\u00d6KT\u00dcRK<\/p>\n\n\n\n<p class=\"has-text-align-center\"><strong>Katk\u0131da Bulunanlar<\/strong><\/p>\n\n\n\n<p class=\"has-text-align-center\"><em>T\u00dcRSAB Denetim&nbsp;<\/em><\/p>\n\n\n\n<p class=\"has-text-align-center\"><em>Kurulu \u00dcyesi&nbsp;<\/em><\/p>\n\n\n\n<p class=\"has-text-align-center\"><em>Dr. Y\u00dcKSEL T\u00dcREMEZ<\/em><\/p>\n\n\n\n<p class=\"has-text-align-center\">TUTKU \u00c7EK\u0130N<\/p>\n\n\n\n<p class=\"has-text-align-center\">BARBAROS TERC\u00dcME<\/p>\n\n\n\n<p class=\"has-text-align-center\">MURAT T\u00dcZEL<\/p>\n\n\n\n<p class=\"has-text-align-center\">\u00c7i\u011fdem Attari<br>Hayal T\u00fczel<\/p>\n\n\n\n<p class=\"has-text-align-center\">OSMAN YILLAR<\/p>\n\n\n\n<p class=\"has-text-align-center\">ANGE YAYINLARI<\/p>\n\n\n\n<p class=\"has-text-align-center\">ELYAF MATBAA BASKI H\u0130ZMETLER\u0130<\/p>\n\n\n\n<p class=\"has-text-align-center\"><strong>Y\u00f6netim Yeri<\/strong><\/p>\n\n\n\n<p class=\"has-text-align-center\">Fulya Mahallesi B\u00fcy\u00fckdere Caddesi<\/p>\n\n\n\n<p class=\"has-text-align-center\">Quasar No:76 \u0130\u00e7 Kap\u0131 No: 188<\/p>\n\n\n\n<p class=\"has-text-align-center\"><strong>HARMONY by T\u00dcZEL Dergisi<\/strong>\u2019nin imtiyaz sahibi, Tradeandlove Export Import Turizm D\u0131\u015f Ticaret Anonim \u015eirketi\u2019dir. Yaz\u0131 ve foto\u011fraflar\u0131n t\u00fcm haklar\u0131 <strong>HARMONY by T\u00dcZEL Dergisi<\/strong>\u2019ne aittir. Dergi, \u00fc\u00e7 ayda bir yay\u0131mlanmaktad\u0131r.<\/p>\n\n\n\n<p class=\"has-text-align-center\">Dergimiz para ile sat\u0131lmaz.<\/p>\n\n\n\n<p><\/p>","protected":false},"excerpt":{"rendered":"<p>Murat T\u00fczel murattuzel@harmonybytuzel.com **** \u0130mtiyaz Sahibi Tradeandlove Export Import Turizm D\u0131\u015f Ticaret Anonim \u015eirketi Ad\u0131na Dr. Y\u00fcksel T\u00dcREMEZ info@tradeandlove.com Genel Yay\u0131n Y\u00f6netmeni ve Sorumlu Yaz\u0131 \u0130\u015fleri M\u00fcd\u00fcr\u00fc&nbsp; Prof. Dr. Celil U\u011fur \u00d6ZG\u00d6KER Hukuk Dan\u0131\u015fman\u0131&nbsp; Av. Enes TUTKUN Kurumsal \u0130leti\u015fim M\u00fcd\u00fcr\u00fc Erdal Yal\u00e7\u0131n Reklam M\u00fcd\u00fcr\u00fc Sinan Karaca \u00d6ZT\u00dcRK Edit\u00f6r Yaman GED\u0130K \u015eevket GED\u0130K G\u00f6rsel Y\u00f6netmen&nbsp; Ferhat [&hellip;]<\/p>\n","protected":false},"author":3,"featured_media":0,"parent":0,"menu_order":0,"comment_status":"closed","ping_status":"closed","template":"","meta":{"inline_featured_image":false,"footnotes":""},"class_list":["post-1028","page","type-page","status-publish","hentry"],"yoast_head":"<!-- This site is optimized with the Yoast SEO plugin v27.4 - https:\/\/yoast.com\/product\/yoast-seo-wordpress\/ -->\n<title>K\u00fcnye - Harmony By T\u00fczel<\/title>\n<meta name=\"robots\" content=\"index, follow, max-snippet:-1, max-image-preview:large, max-video-preview:-1\" \/>\n<link rel=\"canonical\" href=\"https:\/\/harmonybytuzel.com\/en\/kunye\/\" \/>\n<meta property=\"og:locale\" content=\"en_GB\" \/>\n<meta property=\"og:type\" content=\"article\" \/>\n<meta property=\"og:title\" content=\"K\u00fcnye - Harmony By T\u00fczel\" \/>\n<meta property=\"og:description\" content=\"Murat T\u00fczel murattuzel@harmonybytuzel.com **** \u0130mtiyaz Sahibi Tradeandlove Export Import Turizm D\u0131\u015f Ticaret Anonim \u015eirketi Ad\u0131na Dr. Y\u00fcksel T\u00dcREMEZ info@tradeandlove.com Genel Yay\u0131n Y\u00f6netmeni ve Sorumlu Yaz\u0131 \u0130\u015fleri M\u00fcd\u00fcr\u00fc&nbsp; Prof. Dr. Celil U\u011fur \u00d6ZG\u00d6KER Hukuk Dan\u0131\u015fman\u0131&nbsp; Av. Enes TUTKUN Kurumsal \u0130leti\u015fim M\u00fcd\u00fcr\u00fc Erdal Yal\u00e7\u0131n Reklam M\u00fcd\u00fcr\u00fc Sinan Karaca \u00d6ZT\u00dcRK Edit\u00f6r Yaman GED\u0130K \u015eevket GED\u0130K G\u00f6rsel Y\u00f6netmen&nbsp; Ferhat [&hellip;]\" \/>\n<meta property=\"og:url\" content=\"https:\/\/harmonybytuzel.com\/en\/kunye\/\" \/>\n<meta property=\"og:site_name\" content=\"Harmony By T\u00fczel\" \/>\n<meta property=\"article:modified_time\" content=\"2026-01-23T23:54:23+00:00\" \/>\n<meta property=\"og:image\" content=\"https:\/\/harmonybytuzel.com\/wp-content\/uploads\/2023\/10\/2.png\" \/>\n\t<meta property=\"og:image:width\" content=\"600\" \/>\n\t<meta property=\"og:image:height\" content=\"600\" \/>\n\t<meta property=\"og:image:type\" content=\"image\/png\" \/>\n<meta name=\"twitter:card\" content=\"summary_large_image\" \/>\n<meta name=\"twitter:label1\" content=\"Estimated reading time\" \/>\n\t<meta name=\"twitter:data1\" content=\"2 minutes\" \/>\n<script type=\"application\/ld+json\" class=\"yoast-schema-graph\">{\"@context\":\"https:\\\/\\\/schema.org\",\"@graph\":[{\"@type\":\"WebPage\",\"@id\":\"https:\\\/\\\/harmonybytuzel.com\\\/kunye\\\/\",\"url\":\"https:\\\/\\\/harmonybytuzel.com\\\/kunye\\\/\",\"name\":\"K\u00fcnye - Harmony By T\u00fczel\",\"isPartOf\":{\"@id\":\"https:\\\/\\\/harmonybytuzel.com\\\/#website\"},\"primaryImageOfPage\":{\"@id\":\"https:\\\/\\\/harmonybytuzel.com\\\/kunye\\\/#primaryimage\"},\"image\":{\"@id\":\"https:\\\/\\\/harmonybytuzel.com\\\/kunye\\\/#primaryimage\"},\"thumbnailUrl\":\"https:\\\/\\\/harmonybytuzel.com\\\/wp-content\\\/uploads\\\/2023\\\/10\\\/2.png\",\"datePublished\":\"2023-10-30T16:21:33+00:00\",\"dateModified\":\"2026-01-23T23:54:23+00:00\",\"breadcrumb\":{\"@id\":\"https:\\\/\\\/harmonybytuzel.com\\\/kunye\\\/#breadcrumb\"},\"inLanguage\":\"en-GB\",\"potentialAction\":[{\"@type\":\"ReadAction\",\"target\":[\"https:\\\/\\\/harmonybytuzel.com\\\/kunye\\\/\"]}]},{\"@type\":\"ImageObject\",\"inLanguage\":\"en-GB\",\"@id\":\"https:\\\/\\\/harmonybytuzel.com\\\/kunye\\\/#primaryimage\",\"url\":\"https:\\\/\\\/harmonybytuzel.com\\\/wp-content\\\/uploads\\\/2023\\\/10\\\/2.png\",\"contentUrl\":\"https:\\\/\\\/harmonybytuzel.com\\\/wp-content\\\/uploads\\\/2023\\\/10\\\/2.png\"},{\"@type\":\"BreadcrumbList\",\"@id\":\"https:\\\/\\\/harmonybytuzel.com\\\/kunye\\\/#breadcrumb\",\"itemListElement\":[{\"@type\":\"ListItem\",\"position\":1,\"name\":\"Anasayfa\",\"item\":\"https:\\\/\\\/harmonybytuzel.com\\\/\"},{\"@type\":\"ListItem\",\"position\":2,\"name\":\"K\u00fcnye\"}]},{\"@type\":\"WebSite\",\"@id\":\"https:\\\/\\\/harmonybytuzel.com\\\/#website\",\"url\":\"https:\\\/\\\/harmonybytuzel.com\\\/\",\"name\":\"Harmony By T\u00fczel\",\"description\":\"S\u0131n\u0131rlar\u0131n \u00d6tesinde, Ke\u015ffin \u0130zinde. \u2022 Beyond Borders, In Pursuit of Discovery.\",\"publisher\":{\"@id\":\"https:\\\/\\\/harmonybytuzel.com\\\/#organization\"},\"potentialAction\":[{\"@type\":\"SearchAction\",\"target\":{\"@type\":\"EntryPoint\",\"urlTemplate\":\"https:\\\/\\\/harmonybytuzel.com\\\/?s={search_term_string}\"},\"query-input\":{\"@type\":\"PropertyValueSpecification\",\"valueRequired\":true,\"valueName\":\"search_term_string\"}}],\"inLanguage\":\"en-GB\"},{\"@type\":\"Organization\",\"@id\":\"https:\\\/\\\/harmonybytuzel.com\\\/#organization\",\"name\":\"Harmony By T\u00fczel\",\"url\":\"https:\\\/\\\/harmonybytuzel.com\\\/\",\"logo\":{\"@type\":\"ImageObject\",\"inLanguage\":\"en-GB\",\"@id\":\"https:\\\/\\\/harmonybytuzel.com\\\/#\\\/schema\\\/logo\\\/image\\\/\",\"url\":\"https:\\\/\\\/harmonybytuzel.com\\\/wp-content\\\/uploads\\\/2026\\\/01\\\/cropped-Dergi.Logo_.png\",\"contentUrl\":\"https:\\\/\\\/harmonybytuzel.com\\\/wp-content\\\/uploads\\\/2026\\\/01\\\/cropped-Dergi.Logo_.png\",\"width\":2362,\"height\":2362,\"caption\":\"Harmony By T\u00fczel\"},\"image\":{\"@id\":\"https:\\\/\\\/harmonybytuzel.com\\\/#\\\/schema\\\/logo\\\/image\\\/\"},\"sameAs\":[\"https:\\\/\\\/www.instagram.com\\\/harmonybytuzel\\\/\"]}]}<\/script>\n<!-- \/ Yoast SEO plugin. -->","yoast_head_json":{"title":"K\u00fcnye - Harmony By T\u00fczel","robots":{"index":"index","follow":"follow","max-snippet":"max-snippet:-1","max-image-preview":"max-image-preview:large","max-video-preview":"max-video-preview:-1"},"canonical":"https:\/\/harmonybytuzel.com\/en\/kunye\/","og_locale":"en_GB","og_type":"article","og_title":"K\u00fcnye - Harmony By T\u00fczel","og_description":"Murat T\u00fczel murattuzel@harmonybytuzel.com **** \u0130mtiyaz Sahibi Tradeandlove Export Import Turizm D\u0131\u015f Ticaret Anonim \u015eirketi Ad\u0131na Dr. Y\u00fcksel T\u00dcREMEZ info@tradeandlove.com Genel Yay\u0131n Y\u00f6netmeni ve Sorumlu Yaz\u0131 \u0130\u015fleri M\u00fcd\u00fcr\u00fc&nbsp; Prof. Dr. Celil U\u011fur \u00d6ZG\u00d6KER Hukuk Dan\u0131\u015fman\u0131&nbsp; Av. Enes TUTKUN Kurumsal \u0130leti\u015fim M\u00fcd\u00fcr\u00fc Erdal Yal\u00e7\u0131n Reklam M\u00fcd\u00fcr\u00fc Sinan Karaca \u00d6ZT\u00dcRK Edit\u00f6r Yaman GED\u0130K \u015eevket GED\u0130K G\u00f6rsel Y\u00f6netmen&nbsp; Ferhat [&hellip;]","og_url":"https:\/\/harmonybytuzel.com\/en\/kunye\/","og_site_name":"Harmony By T\u00fczel","article_modified_time":"2026-01-23T23:54:23+00:00","og_image":[{"width":600,"height":600,"url":"https:\/\/harmonybytuzel.com\/wp-content\/uploads\/2023\/10\/2.png","type":"image\/png"}],"twitter_card":"summary_large_image","twitter_misc":{"Estimated reading time":"2 minutes"},"schema":{"@context":"https:\/\/schema.org","@graph":[{"@type":"WebPage","@id":"https:\/\/harmonybytuzel.com\/kunye\/","url":"https:\/\/harmonybytuzel.com\/kunye\/","name":"K\u00fcnye - Harmony By T\u00fczel","isPartOf":{"@id":"https:\/\/harmonybytuzel.com\/#website"},"primaryImageOfPage":{"@id":"https:\/\/harmonybytuzel.com\/kunye\/#primaryimage"},"image":{"@id":"https:\/\/harmonybytuzel.com\/kunye\/#primaryimage"},"thumbnailUrl":"https:\/\/harmonybytuzel.com\/wp-content\/uploads\/2023\/10\/2.png","datePublished":"2023-10-30T16:21:33+00:00","dateModified":"2026-01-23T23:54:23+00:00","breadcrumb":{"@id":"https:\/\/harmonybytuzel.com\/kunye\/#breadcrumb"},"inLanguage":"en-GB","potentialAction":[{"@type":"ReadAction","target":["https:\/\/harmonybytuzel.com\/kunye\/"]}]},{"@type":"ImageObject","inLanguage":"en-GB","@id":"https:\/\/harmonybytuzel.com\/kunye\/#primaryimage","url":"https:\/\/harmonybytuzel.com\/wp-content\/uploads\/2023\/10\/2.png","contentUrl":"https:\/\/harmonybytuzel.com\/wp-content\/uploads\/2023\/10\/2.png"},{"@type":"BreadcrumbList","@id":"https:\/\/harmonybytuzel.com\/kunye\/#breadcrumb","itemListElement":[{"@type":"ListItem","position":1,"name":"Anasayfa","item":"https:\/\/harmonybytuzel.com\/"},{"@type":"ListItem","position":2,"name":"K\u00fcnye"}]},{"@type":"WebSite","@id":"https:\/\/harmonybytuzel.com\/#website","url":"https:\/\/harmonybytuzel.com\/","name":"Harmony By\u00fczel","description":"Beyond Borders, In Pursuit of Discovery.","publisher":{"@id":"https:\/\/harmonybytuzel.com\/#organization"},"potentialAction":[{"@type":"SearchAction","target":{"@type":"EntryPoint","urlTemplate":"https:\/\/harmonybytuzel.com\/?s={search_term_string}"},"query-input":{"@type":"PropertyValueSpecification","valueRequired":true,"valueName":"search_term_string"}}],"inLanguage":"en-GB"},{"@type":"Organization","@id":"https:\/\/harmonybytuzel.com\/#organization","name":"Harmony By\u00fczel","url":"https:\/\/harmonybytuzel.com\/","logo":{"@type":"ImageObject","inLanguage":"en-GB","@id":"https:\/\/harmonybytuzel.com\/#\/schema\/logo\/image\/","url":"https:\/\/harmonybytuzel.com\/wp-content\/uploads\/2026\/01\/cropped-Dergi.Logo_.png","contentUrl":"https:\/\/harmonybytuzel.com\/wp-content\/uploads\/2026\/01\/cropped-Dergi.Logo_.png","width":2362,"height":2362,"caption":"Harmony By T\u00fczel"},"image":{"@id":"https:\/\/harmonybytuzel.com\/#\/schema\/logo\/image\/"},"sameAs":["https:\/\/www.instagram.com\/harmonybytuzel\/"]}]}},"amp_enabled":true,"_links":{"self":[{"href":"https:\/\/harmonybytuzel.com\/en\/wp-json\/wp\/v2\/pages\/1028","targetHints":{"allow":["GET"]}}],"collection":[{"href":"https:\/\/harmonybytuzel.com\/en\/wp-json\/wp\/v2\/pages"}],"about":[{"href":"https:\/\/harmonybytuzel.com\/en\/wp-json\/wp\/v2\/types\/page"}],"author":[{"embeddable":true,"href":"https:\/\/harmonybytuzel.com\/en\/wp-json\/wp\/v2\/users\/3"}],"replies":[{"embeddable":true,"href":"https:\/\/harmonybytuzel.com\/en\/wp-json\/wp\/v2\/comments?post=1028"}],"version-history":[{"count":9,"href":"https:\/\/harmonybytuzel.com\/en\/wp-json\/wp\/v2\/pages\/1028\/revisions"}],"predecessor-version":[{"id":1873,"href":"https:\/\/harmonybytuzel.com\/en\/wp-json\/wp\/v2\/pages\/1028\/revisions\/1873"}],"wp:attachment":[{"href":"https:\/\/harmonybytuzel.com\/en\/wp-json\/wp\/v2\/media?parent=1028"}],"curies":[{"name":"wp","href":"https:\/\/api.w.org\/{rel}","templated":true}]}}