{"id":1035,"date":"2023-10-30T16:39:00","date_gmt":"2023-10-30T16:39:00","guid":{"rendered":"https:\/\/harmonybytuzel.com\/?page_id=1035"},"modified":"2023-10-30T16:39:54","modified_gmt":"2023-10-30T16:39:54","slug":"makele-gonder","status":"publish","type":"page","link":"https:\/\/harmonybytuzel.com\/en\/makele-gonder\/","title":{"rendered":"Submit Article"},"content":{"rendered":"<p>Makale G\u00f6nderim Talimatlar\u0131<\/p>\n\n\n\n<p>MAKALE BA\u015eVURUSU YAPILIRKEN D\u0130KKAT ED\u0130LMES\u0130 GEREKEN HUSUSLAR<\/p>\n\n\n\n<ol class=\"wp-block-list\">\n<li>T\u00fcm makaleler, edit\u00f6re elektronik posta yoluyla (<a href=\"mailto:editor@harmonybytuzel.com\">editor@harmonybytuzel.com<\/a>) g\u00f6nderilmelidir.<\/li>\n\n\n\n<li>G\u00f6nderilen dosyada yazar(lar)\u0131 tan\u0131mlayan isim bilgileri bulunmamal\u0131d\u0131r.<\/li>\n\n\n\n<li>Yazar bilgileri (unvan, ad-soyad, kurum, ORCID ve e-posta adresleri) ayr\u0131 bir dosya olarak ba\u015fl\u0131k sayfas\u0131nda g\u00f6nderilmelidir.<\/li>\n\n\n\n<li>TR Dizin 2020 kriterleri \u00e7er\u00e7evesinde ara\u015ft\u0131rma makaleleri i\u00e7in Etik Kurul \u0130zni gerekmektedir. Makalenin y\u00f6ntem k\u0131sm\u0131nda izinle ilgili bilgilerin (kurul ad\u0131, tarih ve say\u0131 no) verilmesi gerekmektedir. Yazarlar, Etik Kurul \u0130zni belgesini makale g\u00f6nderirken ek bir belge olarak sunmal\u0131d\u0131r. 2020 y\u0131l\u0131ndan \u00f6nce toplanm\u0131\u015f verilere sahip ara\u015ft\u0131rma makalelerinden Etik Kurul \u0130zni istenmemektedir. Ancak, yazarlar verilerin topland\u0131\u011f\u0131 tarihleri y\u00f6ntem k\u0131sm\u0131nda belirtmelidir.<\/li>\n\n\n\n<li>Yazarlar, &#8220;Telif Hakk\u0131 Devir Formu&#8221; belgesini ek olarak g\u00f6ndermelidir.<\/li>\n\n\n\n<li>Yazarlar makalede benzerlik (intihal) raporunu (turnitin, ithenticate vb.) g\u00f6ndermelidir.<\/li>\n\n\n\n<li>Yaz\u0131 tipi olarak Palatino Linotype kullan\u0131lmal\u0131, ana ba\u015fl\u0131klar 11 punto, metin ise 10 punto b\u00fcy\u00fckl\u00fc\u011f\u00fcnde yaz\u0131lmal\u0131d\u0131r.<\/li>\n\n\n\n<li>Sat\u0131r ve paragraf aral\u0131\u011f\u0131 tek olarak ayarlanmal\u0131d\u0131r.<\/li>\n\n\n\n<li>Sat\u0131r ba\u015flar\u0131nda girinti kullan\u0131lmamal\u0131d\u0131r.<\/li>\n\n\n\n<li>Ba\u015fl\u0131klarda numaraland\u0131rma yap\u0131lmamal\u0131, ana ba\u015fl\u0131klar t\u00fcm harfler b\u00fcy\u00fck olmal\u0131, ara ba\u015fl\u0131klar ise yaln\u0131zca ilk harf b\u00fcy\u00fck olacak \u015fekilde yaz\u0131lmal\u0131d\u0131r.<\/li>\n\n\n\n<li>Tablo ba\u015fl\u0131klar\u0131 tablonun \u00fcst\u00fcnde, \u015fekil ba\u015fl\u0131klar\u0131 ise \u015feklin alt\u0131nda yer almal\u0131d\u0131r.<\/li>\n\n\n\n<li>Tablolarda ve \u015fekillerde bold karakter kullan\u0131lmamal\u0131d\u0131r.<\/li>\n\n\n\n<li>Metin i\u00e7inde (ba\u015fl\u0131klar hari\u00e7) bold karakter kullan\u0131lmamal\u0131d\u0131r. Vurgulanmas\u0131 istenen yerler italik olarak yaz\u0131labilir.<\/li>\n\n\n\n<li>Birden fazla kayna\u011fa parantez i\u00e7inde at\u0131f verilmesi gereken durumlarda, kaynaklar en eskiden en nye do\u011fru s\u0131ralanmal\u0131d\u0131r.<\/li>\n\n\n\n<li>Makalenin yay\u0131na kabul edilmesi ve\/veya yay\u0131nland\u0131ktan sonra makale \u00fczerinde yazarlar\u0131n sonraki d\u00fczeltme istekleri dikkate al\u0131nmayacakt\u0131r.<\/li>\n<\/ol>\n\n\n\n<p>\u0130NCELEME ve YAYIN S\u00dcREC\u0130<\/p>\n\n\n\n<p>Makalelerin inceleme s\u00fcreci a\u015fa\u011f\u0131daki a\u015famalardan olu\u015fmaktad\u0131r.<\/p>\n\n\n\n<ul class=\"wp-block-list\">\n<li>Her makale, iki hakemin incelemesinden ge\u00e7irilir.<\/li>\n\n\n\n<li>Hakemler, makaleyi aynen kabul edebilir, az bir de\u011fi\u015fiklikle kabul edebilir veya \u00f6nemli de\u011fi\u015fikliklerle kabul edebilir veya red edebilir.<\/li>\n\n\n\n<li>Hakemlerin de\u011fi\u015fiklik talep etmesi durumunda, yap\u0131lan de\u011fi\u015fiklikler ayn\u0131 hakemlerin incelemesine sunulur.<\/li>\n\n\n\n<li>Makale, hakemler taraf\u0131ndan uygun bulundu\u011funda, yay\u0131n kurulunun onay\u0131 ile makale dizgisi yap\u0131l\u0131r ve yazar(lar)a bildirim yap\u0131l\u0131r.<\/li>\n\n\n\n<li>Kabul a\u015famas\u0131ndan sonra, makalenin bask\u0131 hali haz\u0131rlan\u0131r ve yay\u0131n kurulu taraf\u0131ndan kabul yaz\u0131s\u0131 ve DOI numaras\u0131 verilir.<\/li>\n\n\n\n<li>Yay\u0131nlanacak say\u0131 ve tarih hakk\u0131nda yazar(lar) bilgilendirilir.<\/li>\n\n\n\n<li>Dergide yay\u0131nlanan yaz\u0131lar\u0131n, yaz\u0131l\u0131 ve elektronik ortamda t\u00fcm yay\u0131n haklar\u0131 Harmony by T\u00fczel&#8217;e aittir.<\/li>\n<\/ul>","protected":false},"excerpt":{"rendered":"<p>Makale G\u00f6nderim Talimatlar\u0131 MAKALE BA\u015eVURUSU YAPILIRKEN D\u0130KKAT ED\u0130LMES\u0130 GEREKEN HUSUSLAR \u0130NCELEME ve YAYIN S\u00dcREC\u0130 Makalelerin inceleme s\u00fcreci a\u015fa\u011f\u0131daki a\u015famalardan olu\u015fmaktad\u0131r.<\/p>","protected":false},"author":3,"featured_media":0,"parent":0,"menu_order":0,"comment_status":"closed","ping_status":"closed","template":"","meta":{"inline_featured_image":false,"footnotes":""},"class_list":["post-1035","page","type-page","status-publish","hentry"],"yoast_head":"<!-- This site is optimized with the Yoast SEO plugin v26.9 - https:\/\/yoast.com\/product\/yoast-seo-wordpress\/ -->\n<title>Makele G\u00f6nder - Harmony By T\u00fczel<\/title>\n<meta name=\"robots\" content=\"index, follow, max-snippet:-1, max-image-preview:large, max-video-preview:-1\" \/>\n<link rel=\"canonical\" href=\"https:\/\/harmonybytuzel.com\/en\/makele-gonder\/\" \/>\n<meta property=\"og:locale\" content=\"en_GB\" \/>\n<meta property=\"og:type\" content=\"article\" \/>\n<meta property=\"og:title\" content=\"Makele G\u00f6nder - Harmony By T\u00fczel\" \/>\n<meta property=\"og:description\" content=\"Makale G\u00f6nderim Talimatlar\u0131 MAKALE BA\u015eVURUSU YAPILIRKEN D\u0130KKAT ED\u0130LMES\u0130 GEREKEN HUSUSLAR \u0130NCELEME ve YAYIN S\u00dcREC\u0130 Makalelerin inceleme s\u00fcreci a\u015fa\u011f\u0131daki a\u015famalardan olu\u015fmaktad\u0131r.\" \/>\n<meta property=\"og:url\" content=\"https:\/\/harmonybytuzel.com\/en\/makele-gonder\/\" \/>\n<meta property=\"og:site_name\" content=\"Harmony By T\u00fczel\" \/>\n<meta property=\"article:modified_time\" content=\"2023-10-30T16:39:54+00:00\" \/>\n<meta name=\"twitter:card\" content=\"summary_large_image\" \/>\n<meta name=\"twitter:label1\" content=\"Estimated reading time\" \/>\n\t<meta name=\"twitter:data1\" content=\"2 minutes\" \/>\n<script type=\"application\/ld+json\" class=\"yoast-schema-graph\">{\"@context\":\"https:\/\/schema.org\",\"@graph\":[{\"@type\":\"WebPage\",\"@id\":\"https:\/\/harmonybytuzel.com\/makele-gonder\/\",\"url\":\"https:\/\/harmonybytuzel.com\/makele-gonder\/\",\"name\":\"Makele G\u00f6nder - Harmony By T\u00fczel\",\"isPartOf\":{\"@id\":\"https:\/\/harmonybytuzel.com\/#website\"},\"datePublished\":\"2023-10-30T16:39:00+00:00\",\"dateModified\":\"2023-10-30T16:39:54+00:00\",\"breadcrumb\":{\"@id\":\"https:\/\/harmonybytuzel.com\/makele-gonder\/#breadcrumb\"},\"inLanguage\":\"en-GB\",\"potentialAction\":[{\"@type\":\"ReadAction\",\"target\":[\"https:\/\/harmonybytuzel.com\/makele-gonder\/\"]}]},{\"@type\":\"BreadcrumbList\",\"@id\":\"https:\/\/harmonybytuzel.com\/makele-gonder\/#breadcrumb\",\"itemListElement\":[{\"@type\":\"ListItem\",\"position\":1,\"name\":\"Anasayfa\",\"item\":\"https:\/\/harmonybytuzel.com\/\"},{\"@type\":\"ListItem\",\"position\":2,\"name\":\"Makele G\u00f6nder\"}]},{\"@type\":\"WebSite\",\"@id\":\"https:\/\/harmonybytuzel.com\/#website\",\"url\":\"https:\/\/harmonybytuzel.com\/\",\"name\":\"Harmony By T\u00fczel\",\"description\":\"S\u0131n\u0131rlar\u0131n \u00d6tesinde, Ke\u015ffin \u0130zinde. \u2022 Beyond Borders, In Pursuit of Discovery.\",\"publisher\":{\"@id\":\"https:\/\/harmonybytuzel.com\/#organization\"},\"potentialAction\":[{\"@type\":\"SearchAction\",\"target\":{\"@type\":\"EntryPoint\",\"urlTemplate\":\"https:\/\/harmonybytuzel.com\/?s={search_term_string}\"},\"query-input\":{\"@type\":\"PropertyValueSpecification\",\"valueRequired\":true,\"valueName\":\"search_term_string\"}}],\"inLanguage\":\"en-GB\"},{\"@type\":\"Organization\",\"@id\":\"https:\/\/harmonybytuzel.com\/#organization\",\"name\":\"Harmony By T\u00fczel\",\"url\":\"https:\/\/harmonybytuzel.com\/\",\"logo\":{\"@type\":\"ImageObject\",\"inLanguage\":\"en-GB\",\"@id\":\"https:\/\/harmonybytuzel.com\/#\/schema\/logo\/image\/\",\"url\":\"https:\/\/harmonybytuzel.com\/wp-content\/uploads\/2026\/01\/cropped-Dergi.Logo_.png\",\"contentUrl\":\"https:\/\/harmonybytuzel.com\/wp-content\/uploads\/2026\/01\/cropped-Dergi.Logo_.png\",\"width\":2362,\"height\":2362,\"caption\":\"Harmony By T\u00fczel\"},\"image\":{\"@id\":\"https:\/\/harmonybytuzel.com\/#\/schema\/logo\/image\/\"},\"sameAs\":[\"https:\/\/www.instagram.com\/harmonybytuzel\/\"]}]}<\/script>\n<!-- \/ Yoast SEO plugin. -->","yoast_head_json":{"title":"Makele G\u00f6nder - Harmony By T\u00fczel","robots":{"index":"index","follow":"follow","max-snippet":"max-snippet:-1","max-image-preview":"max-image-preview:large","max-video-preview":"max-video-preview:-1"},"canonical":"https:\/\/harmonybytuzel.com\/en\/makele-gonder\/","og_locale":"en_GB","og_type":"article","og_title":"Makele G\u00f6nder - Harmony By T\u00fczel","og_description":"Makale G\u00f6nderim Talimatlar\u0131 MAKALE BA\u015eVURUSU YAPILIRKEN D\u0130KKAT ED\u0130LMES\u0130 GEREKEN HUSUSLAR \u0130NCELEME ve YAYIN S\u00dcREC\u0130 Makalelerin inceleme s\u00fcreci a\u015fa\u011f\u0131daki a\u015famalardan olu\u015fmaktad\u0131r.","og_url":"https:\/\/harmonybytuzel.com\/en\/makele-gonder\/","og_site_name":"Harmony By T\u00fczel","article_modified_time":"2023-10-30T16:39:54+00:00","twitter_card":"summary_large_image","twitter_misc":{"Estimated reading time":"2 minutes"},"schema":{"@context":"https:\/\/schema.org","@graph":[{"@type":"WebPage","@id":"https:\/\/harmonybytuzel.com\/makele-gonder\/","url":"https:\/\/harmonybytuzel.com\/makele-gonder\/","name":"Makele G\u00f6nder - Harmony By T\u00fczel","isPartOf":{"@id":"https:\/\/harmonybytuzel.com\/#website"},"datePublished":"2023-10-30T16:39:00+00:00","dateModified":"2023-10-30T16:39:54+00:00","breadcrumb":{"@id":"https:\/\/harmonybytuzel.com\/makele-gonder\/#breadcrumb"},"inLanguage":"en-GB","potentialAction":[{"@type":"ReadAction","target":["https:\/\/harmonybytuzel.com\/makele-gonder\/"]}]},{"@type":"BreadcrumbList","@id":"https:\/\/harmonybytuzel.com\/makele-gonder\/#breadcrumb","itemListElement":[{"@type":"ListItem","position":1,"name":"Anasayfa","item":"https:\/\/harmonybytuzel.com\/"},{"@type":"ListItem","position":2,"name":"Makele G\u00f6nder"}]},{"@type":"WebSite","@id":"https:\/\/harmonybytuzel.com\/#website","url":"https:\/\/harmonybytuzel.com\/","name":"Harmony By\u00fczel","description":"S\u0131n\u0131rlar\u0131n \u00d6tesinde, Ke\u015ffin \u0130zinde. \u2022 Beyond Borders, In Pursuit of Discovery.","publisher":{"@id":"https:\/\/harmonybytuzel.com\/#organization"},"potentialAction":[{"@type":"SearchAction","target":{"@type":"EntryPoint","urlTemplate":"https:\/\/harmonybytuzel.com\/?s={search_term_string}"},"query-input":{"@type":"PropertyValueSpecification","valueRequired":true,"valueName":"search_term_string"}}],"inLanguage":"en-GB"},{"@type":"Organization","@id":"https:\/\/harmonybytuzel.com\/#organization","name":"Harmony By\u00fczel","url":"https:\/\/harmonybytuzel.com\/","logo":{"@type":"ImageObject","inLanguage":"en-GB","@id":"https:\/\/harmonybytuzel.com\/#\/schema\/logo\/image\/","url":"https:\/\/harmonybytuzel.com\/wp-content\/uploads\/2026\/01\/cropped-Dergi.Logo_.png","contentUrl":"https:\/\/harmonybytuzel.com\/wp-content\/uploads\/2026\/01\/cropped-Dergi.Logo_.png","width":2362,"height":2362,"caption":"Harmony By T\u00fczel"},"image":{"@id":"https:\/\/harmonybytuzel.com\/#\/schema\/logo\/image\/"},"sameAs":["https:\/\/www.instagram.com\/harmonybytuzel\/"]}]}},"amp_enabled":true,"_links":{"self":[{"href":"https:\/\/harmonybytuzel.com\/en\/wp-json\/wp\/v2\/pages\/1035","targetHints":{"allow":["GET"]}}],"collection":[{"href":"https:\/\/harmonybytuzel.com\/en\/wp-json\/wp\/v2\/pages"}],"about":[{"href":"https:\/\/harmonybytuzel.com\/en\/wp-json\/wp\/v2\/types\/page"}],"author":[{"embeddable":true,"href":"https:\/\/harmonybytuzel.com\/en\/wp-json\/wp\/v2\/users\/3"}],"replies":[{"embeddable":true,"href":"https:\/\/harmonybytuzel.com\/en\/wp-json\/wp\/v2\/comments?post=1035"}],"version-history":[{"count":2,"href":"https:\/\/harmonybytuzel.com\/en\/wp-json\/wp\/v2\/pages\/1035\/revisions"}],"predecessor-version":[{"id":1038,"href":"https:\/\/harmonybytuzel.com\/en\/wp-json\/wp\/v2\/pages\/1035\/revisions\/1038"}],"wp:attachment":[{"href":"https:\/\/harmonybytuzel.com\/en\/wp-json\/wp\/v2\/media?parent=1035"}],"curies":[{"name":"wp","href":"https:\/\/api.w.org\/{rel}","templated":true}]}}