{"id":1270,"date":"2024-03-01T23:11:40","date_gmt":"2024-03-01T23:11:40","guid":{"rendered":"https:\/\/harmonybytuzel.com\/?page_id=1270"},"modified":"2026-01-23T23:01:14","modified_gmt":"2026-01-23T23:01:14","slug":"iletisim","status":"publish","type":"page","link":"https:\/\/harmonybytuzel.com\/en\/iletisim\/","title":{"rendered":"Contact"},"content":{"rendered":"\n<figure class=\"wp-block-image size-large\"><img fetchpriority=\"high\" decoding=\"async\" width=\"534\" height=\"156\" src=\"https:\/\/harmonybytuzel.com\/wp-content\/uploads\/2026\/01\/Dergi.LogoB_.svg\" alt=\"\" class=\"wp-image-1853\"\/><\/figure>\n\n\n<style id=\"wpforms-css-vars-1857-block-a39f3e11-50d2-456f-aed9-ba9f23982bb0\">\n\t\t\t\t#wpforms-1857.wpforms-block-a39f3e11-50d2-456f-aed9-ba9f23982bb0 {\n\t\t\t\t--wpforms-field-size-input-height: 43px;\n--wpforms-field-size-input-spacing: 15px;\n--wpforms-field-size-font-size: 16px;\n--wpforms-field-size-line-height: 19px;\n--wpforms-field-size-padding-h: 14px;\n--wpforms-field-size-checkbox-size: 16px;\n--wpforms-field-size-sublabel-spacing: 5px;\n--wpforms-field-size-icon-size: 1;\n--wpforms-label-size-font-size: 16px;\n--wpforms-label-size-line-height: 19px;\n--wpforms-label-size-sublabel-font-size: 14px;\n--wpforms-label-size-sublabel-line-height: 17px;\n--wpforms-button-size-font-size: 17px;\n--wpforms-button-size-height: 41px;\n--wpforms-button-size-padding-h: 15px;\n--wpforms-button-size-margin-top: 10px;\n\t\t\t}\n\t\t\t<\/style><div class=\"wpforms-container wpforms-container-full wpforms-block wpforms-block-a39f3e11-50d2-456f-aed9-ba9f23982bb0 wpforms-render-modern\" id=\"wpforms-1857\"><form id=\"wpforms-form-1857\" class=\"wpforms-validate wpforms-form wpforms-ajax-form\" data-formid=\"1857\" method=\"post\" enctype=\"multipart\/form-data\" action=\"\/en\/wp-json\/wp\/v2\/pages\/1270\" data-token=\"91106e6fa9c691437d5dd12a72fe452a\" data-token-time=\"1775479762\"><noscript class=\"wpforms-error-noscript\">Please enable JavaScript in your browser to complete this form.<\/noscript><div id=\"wpforms-error-noscript\" style=\"display: none;\">Please enable JavaScript in your browser to complete this form.<\/div><div class=\"wpforms-field-container\"><div id=\"wpforms-1857-field_1-container\" class=\"wpforms-field wpforms-field-name\" data-field-id=\"1\"><fieldset><legend class=\"wpforms-field-label\">Ad\u0131 Soyad\u0131 <span class=\"wpforms-required-label\" aria-hidden=\"true\">*<\/span><\/legend><div class=\"wpforms-field-row wpforms-field-medium\"><div class=\"wpforms-field-row-block wpforms-first wpforms-one-half\"><input type=\"text\" id=\"wpforms-1857-field_1\" class=\"wpforms-field-name-first wpforms-field-required\" name=\"wpforms[fields][1][first]\" aria-errormessage=\"wpforms-1857-field_1-error\" required><label for=\"wpforms-1857-field_1\" class=\"wpforms-field-sublabel after\">First<\/label><\/div><div class=\"wpforms-field-row-block wpforms-one-half\"><input type=\"text\" id=\"wpforms-1857-field_1-last\" class=\"wpforms-field-name-last wpforms-field-required\" name=\"wpforms[fields][1][last]\" aria-errormessage=\"wpforms-1857-field_1-last-error\" required><label for=\"wpforms-1857-field_1-last\" class=\"wpforms-field-sublabel after\">Last<\/label><\/div><\/div><\/fieldset><\/div>\t\t<div id=\"wpforms-1857-field_4-container\"\n\t\t\tclass=\"wpforms-field wpforms-field-text\"\n\t\t\tdata-field-type=\"text\"\n\t\t\tdata-field-id=\"4\"\n\t\t\t>\n\t\t\t<label class=\"wpforms-field-label\" for=\"wpforms-1857-field_4\" >E-posta veya Mesaj<\/label>\n\t\t\t<input type=\"text\" id=\"wpforms-1857-field_4\" class=\"wpforms-field-medium\" name=\"wpforms[fields][4]\" >\n\t\t<\/div>\n\t\t<div id=\"wpforms-1857-field_2-container\" class=\"wpforms-field wpforms-field-email\" data-field-id=\"2\"><label class=\"wpforms-field-label\" for=\"wpforms-1857-field_2\">E-posta <span class=\"wpforms-required-label\" aria-hidden=\"true\">*<\/span><\/label><input type=\"email\" id=\"wpforms-1857-field_2\" class=\"wpforms-field-medium wpforms-field-required\" name=\"wpforms[fields][2]\" spellcheck=\"false\" aria-errormessage=\"wpforms-1857-field_2-error\" required><\/div><div id=\"wpforms-1857-field_3-container\" class=\"wpforms-field wpforms-field-textarea\" data-field-id=\"3\"><label class=\"wpforms-field-label\" for=\"wpforms-1857-field_3\">Yorum veya Mesaj<\/label><textarea id=\"wpforms-1857-field_3\" class=\"wpforms-field-medium\" name=\"wpforms[fields][3]\" aria-errormessage=\"wpforms-1857-field_3-error\" ><\/textarea><\/div><script>\n\t\t\t\t( function() {\n\t\t\t\t\tconst style = document.createElement( 'style' );\n\t\t\t\t\tstyle.appendChild( document.createTextNode( '#wpforms-1857-field_4-container { position: absolute !important; overflow: hidden !important; display: inline !important; height: 1px !important; width: 1px !important; z-index: -1000 !important; padding: 0 !important; } #wpforms-1857-field_4-container input { visibility: hidden; } #wpforms-conversational-form-page #wpforms-1857-field_4-container label { counter-increment: none; }' ) );\n\t\t\t\t\tdocument.head.appendChild( style );\n\t\t\t\t\tdocument.currentScript?.remove();\n\t\t\t\t} )();\n\t\t\t<\/script><\/div><!-- .wpforms-field-container --><div class=\"wpforms-submit-container\" ><input type=\"hidden\" name=\"wpforms[id]\" value=\"1857\"><input type=\"hidden\" name=\"page_title\" value=\"\"><input type=\"hidden\" name=\"page_url\" value=\"https:\/\/harmonybytuzel.com\/en\/wp-json\/wp\/v2\/pages\/1270\"><input type=\"hidden\" name=\"url_referer\" value=\"\"><button type=\"submit\" name=\"wpforms[submit]\" id=\"wpforms-submit-1857\" class=\"wpforms-submit\" data-alt-text=\"G\u00f6nderiliyor...\" data-submit-text=\"G\u00f6nder\" aria-live=\"assertive\" value=\"wpforms-submit\">G\u00f6nder<\/button><img decoding=\"async\" src=\"https:\/\/harmonybytuzel.com\/wp-content\/plugins\/wpforms-lite\/assets\/images\/submit-spin.svg\" class=\"wpforms-submit-spinner\" style=\"display: none;\" width=\"26\" height=\"26\" alt=\"Loading\"><\/div><\/form><\/div>  <!-- .wpforms-container -->\n\n\n<p><strong>TEL : 0 212 240 45 40<\/strong><\/p>\n\n\n\n<p><strong>Adres : Me\u015frutiyet Mahallesi Rumeli Caddesi Rumeli Plaza No:22 \u0130\u00e7 Kap\u0131 No:7 \u015ei\u015fli\/\u0130stanbul<\/strong><\/p>\n\n\n\n<p><a href=\"mailto:info@harmonybytuzel.com\">info@harmonybytuzel.com<\/a><\/p>\n\n\n\n<p><\/p>\n","protected":false},"excerpt":{"rendered":"<p>TEL : 0 212 240 45 40 Adres : Me\u015frutiyet Mahallesi Rumeli Caddesi Rumeli Plaza No:22 \u0130\u00e7 Kap\u0131 No:7 \u015ei\u015fli\/\u0130stanbul info@harmonybytuzel.com<\/p>","protected":false},"author":3,"featured_media":0,"parent":0,"menu_order":0,"comment_status":"closed","ping_status":"closed","template":"","meta":{"inline_featured_image":false,"footnotes":""},"class_list":["post-1270","page","type-page","status-publish","hentry"],"yoast_head":"<!-- This site is optimized with the Yoast SEO plugin v26.9 - https:\/\/yoast.com\/product\/yoast-seo-wordpress\/ -->\n<title>\u0130leti\u015fim - Harmony By T\u00fczel<\/title>\n<meta name=\"robots\" content=\"index, follow, max-snippet:-1, max-image-preview:large, max-video-preview:-1\" \/>\n<link rel=\"canonical\" href=\"https:\/\/harmonybytuzel.com\/en\/iletisim\/\" \/>\n<meta property=\"og:locale\" content=\"en_GB\" \/>\n<meta property=\"og:type\" content=\"article\" \/>\n<meta property=\"og:title\" content=\"\u0130leti\u015fim - Harmony By T\u00fczel\" \/>\n<meta property=\"og:description\" content=\"TEL : 0 212 240 45 40 Adres : Me\u015frutiyet Mahallesi Rumeli Caddesi Rumeli Plaza No:22 \u0130\u00e7 Kap\u0131 No:7 \u015ei\u015fli\/\u0130stanbul info@harmonybytuzel.com\" \/>\n<meta property=\"og:url\" content=\"https:\/\/harmonybytuzel.com\/en\/iletisim\/\" \/>\n<meta property=\"og:site_name\" content=\"Harmony By T\u00fczel\" \/>\n<meta property=\"article:modified_time\" content=\"2026-01-23T23:01:14+00:00\" \/>\n<meta name=\"twitter:card\" content=\"summary_large_image\" \/>\n<script type=\"application\/ld+json\" class=\"yoast-schema-graph\">{\"@context\":\"https:\/\/schema.org\",\"@graph\":[{\"@type\":\"WebPage\",\"@id\":\"https:\/\/harmonybytuzel.com\/iletisim\/\",\"url\":\"https:\/\/harmonybytuzel.com\/iletisim\/\",\"name\":\"\u0130leti\u015fim - Harmony By T\u00fczel\",\"isPartOf\":{\"@id\":\"https:\/\/harmonybytuzel.com\/#website\"},\"primaryImageOfPage\":{\"@id\":\"https:\/\/harmonybytuzel.com\/iletisim\/#primaryimage\"},\"image\":{\"@id\":\"https:\/\/harmonybytuzel.com\/iletisim\/#primaryimage\"},\"thumbnailUrl\":\"https:\/\/harmonybytuzel.com\/wp-content\/uploads\/2026\/01\/Dergi.LogoB_.svg\",\"datePublished\":\"2024-03-01T23:11:40+00:00\",\"dateModified\":\"2026-01-23T23:01:14+00:00\",\"breadcrumb\":{\"@id\":\"https:\/\/harmonybytuzel.com\/iletisim\/#breadcrumb\"},\"inLanguage\":\"en-GB\",\"potentialAction\":[{\"@type\":\"ReadAction\",\"target\":[\"https:\/\/harmonybytuzel.com\/iletisim\/\"]}]},{\"@type\":\"ImageObject\",\"inLanguage\":\"en-GB\",\"@id\":\"https:\/\/harmonybytuzel.com\/iletisim\/#primaryimage\",\"url\":\"https:\/\/harmonybytuzel.com\/wp-content\/uploads\/2026\/01\/Dergi.LogoB_.svg\",\"contentUrl\":\"https:\/\/harmonybytuzel.com\/wp-content\/uploads\/2026\/01\/Dergi.LogoB_.svg\"},{\"@type\":\"BreadcrumbList\",\"@id\":\"https:\/\/harmonybytuzel.com\/iletisim\/#breadcrumb\",\"itemListElement\":[{\"@type\":\"ListItem\",\"position\":1,\"name\":\"Anasayfa\",\"item\":\"https:\/\/harmonybytuzel.com\/\"},{\"@type\":\"ListItem\",\"position\":2,\"name\":\"\u0130leti\u015fim\"}]},{\"@type\":\"WebSite\",\"@id\":\"https:\/\/harmonybytuzel.com\/#website\",\"url\":\"https:\/\/harmonybytuzel.com\/\",\"name\":\"Harmony By T\u00fczel\",\"description\":\"S\u0131n\u0131rlar\u0131n \u00d6tesinde, Ke\u015ffin \u0130zinde. \u2022 Beyond Borders, In Pursuit of Discovery.\",\"publisher\":{\"@id\":\"https:\/\/harmonybytuzel.com\/#organization\"},\"potentialAction\":[{\"@type\":\"SearchAction\",\"target\":{\"@type\":\"EntryPoint\",\"urlTemplate\":\"https:\/\/harmonybytuzel.com\/?s={search_term_string}\"},\"query-input\":{\"@type\":\"PropertyValueSpecification\",\"valueRequired\":true,\"valueName\":\"search_term_string\"}}],\"inLanguage\":\"en-GB\"},{\"@type\":\"Organization\",\"@id\":\"https:\/\/harmonybytuzel.com\/#organization\",\"name\":\"Harmony By T\u00fczel\",\"url\":\"https:\/\/harmonybytuzel.com\/\",\"logo\":{\"@type\":\"ImageObject\",\"inLanguage\":\"en-GB\",\"@id\":\"https:\/\/harmonybytuzel.com\/#\/schema\/logo\/image\/\",\"url\":\"https:\/\/harmonybytuzel.com\/wp-content\/uploads\/2026\/01\/cropped-Dergi.Logo_.png\",\"contentUrl\":\"https:\/\/harmonybytuzel.com\/wp-content\/uploads\/2026\/01\/cropped-Dergi.Logo_.png\",\"width\":2362,\"height\":2362,\"caption\":\"Harmony By T\u00fczel\"},\"image\":{\"@id\":\"https:\/\/harmonybytuzel.com\/#\/schema\/logo\/image\/\"},\"sameAs\":[\"https:\/\/www.instagram.com\/harmonybytuzel\/\"]}]}<\/script>\n<!-- \/ Yoast SEO plugin. -->","yoast_head_json":{"title":"\u0130leti\u015fim - Harmony By T\u00fczel","robots":{"index":"index","follow":"follow","max-snippet":"max-snippet:-1","max-image-preview":"max-image-preview:large","max-video-preview":"max-video-preview:-1"},"canonical":"https:\/\/harmonybytuzel.com\/en\/iletisim\/","og_locale":"en_GB","og_type":"article","og_title":"\u0130leti\u015fim - Harmony By T\u00fczel","og_description":"TEL : 0 212 240 45 40 Adres : Me\u015frutiyet Mahallesi Rumeli Caddesi Rumeli Plaza No:22 \u0130\u00e7 Kap\u0131 No:7 \u015ei\u015fli\/\u0130stanbul info@harmonybytuzel.com","og_url":"https:\/\/harmonybytuzel.com\/en\/iletisim\/","og_site_name":"Harmony By T\u00fczel","article_modified_time":"2026-01-23T23:01:14+00:00","twitter_card":"summary_large_image","schema":{"@context":"https:\/\/schema.org","@graph":[{"@type":"WebPage","@id":"https:\/\/harmonybytuzel.com\/iletisim\/","url":"https:\/\/harmonybytuzel.com\/iletisim\/","name":"\u0130leti\u015fim - Harmony By T\u00fczel","isPartOf":{"@id":"https:\/\/harmonybytuzel.com\/#website"},"primaryImageOfPage":{"@id":"https:\/\/harmonybytuzel.com\/iletisim\/#primaryimage"},"image":{"@id":"https:\/\/harmonybytuzel.com\/iletisim\/#primaryimage"},"thumbnailUrl":"https:\/\/harmonybytuzel.com\/wp-content\/uploads\/2026\/01\/Dergi.LogoB_.svg","datePublished":"2024-03-01T23:11:40+00:00","dateModified":"2026-01-23T23:01:14+00:00","breadcrumb":{"@id":"https:\/\/harmonybytuzel.com\/iletisim\/#breadcrumb"},"inLanguage":"en-GB","potentialAction":[{"@type":"ReadAction","target":["https:\/\/harmonybytuzel.com\/iletisim\/"]}]},{"@type":"ImageObject","inLanguage":"en-GB","@id":"https:\/\/harmonybytuzel.com\/iletisim\/#primaryimage","url":"https:\/\/harmonybytuzel.com\/wp-content\/uploads\/2026\/01\/Dergi.LogoB_.svg","contentUrl":"https:\/\/harmonybytuzel.com\/wp-content\/uploads\/2026\/01\/Dergi.LogoB_.svg"},{"@type":"BreadcrumbList","@id":"https:\/\/harmonybytuzel.com\/iletisim\/#breadcrumb","itemListElement":[{"@type":"ListItem","position":1,"name":"Anasayfa","item":"https:\/\/harmonybytuzel.com\/"},{"@type":"ListItem","position":2,"name":"\u0130leti\u015fim"}]},{"@type":"WebSite","@id":"https:\/\/harmonybytuzel.com\/#website","url":"https:\/\/harmonybytuzel.com\/","name":"Harmony By\u00fczel","description":"S\u0131n\u0131rlar\u0131n \u00d6tesinde, Ke\u015ffin \u0130zinde. \u2022 Beyond Borders, In Pursuit of Discovery.","publisher":{"@id":"https:\/\/harmonybytuzel.com\/#organization"},"potentialAction":[{"@type":"SearchAction","target":{"@type":"EntryPoint","urlTemplate":"https:\/\/harmonybytuzel.com\/?s={search_term_string}"},"query-input":{"@type":"PropertyValueSpecification","valueRequired":true,"valueName":"search_term_string"}}],"inLanguage":"en-GB"},{"@type":"Organization","@id":"https:\/\/harmonybytuzel.com\/#organization","name":"Harmony By\u00fczel","url":"https:\/\/harmonybytuzel.com\/","logo":{"@type":"ImageObject","inLanguage":"en-GB","@id":"https:\/\/harmonybytuzel.com\/#\/schema\/logo\/image\/","url":"https:\/\/harmonybytuzel.com\/wp-content\/uploads\/2026\/01\/cropped-Dergi.Logo_.png","contentUrl":"https:\/\/harmonybytuzel.com\/wp-content\/uploads\/2026\/01\/cropped-Dergi.Logo_.png","width":2362,"height":2362,"caption":"Harmony By T\u00fczel"},"image":{"@id":"https:\/\/harmonybytuzel.com\/#\/schema\/logo\/image\/"},"sameAs":["https:\/\/www.instagram.com\/harmonybytuzel\/"]}]}},"amp_enabled":true,"_links":{"self":[{"href":"https:\/\/harmonybytuzel.com\/en\/wp-json\/wp\/v2\/pages\/1270","targetHints":{"allow":["GET"]}}],"collection":[{"href":"https:\/\/harmonybytuzel.com\/en\/wp-json\/wp\/v2\/pages"}],"about":[{"href":"https:\/\/harmonybytuzel.com\/en\/wp-json\/wp\/v2\/types\/page"}],"author":[{"embeddable":true,"href":"https:\/\/harmonybytuzel.com\/en\/wp-json\/wp\/v2\/users\/3"}],"replies":[{"embeddable":true,"href":"https:\/\/harmonybytuzel.com\/en\/wp-json\/wp\/v2\/comments?post=1270"}],"version-history":[{"count":7,"href":"https:\/\/harmonybytuzel.com\/en\/wp-json\/wp\/v2\/pages\/1270\/revisions"}],"predecessor-version":[{"id":1861,"href":"https:\/\/harmonybytuzel.com\/en\/wp-json\/wp\/v2\/pages\/1270\/revisions\/1861"}],"wp:attachment":[{"href":"https:\/\/harmonybytuzel.com\/en\/wp-json\/wp\/v2\/media?parent=1270"}],"curies":[{"name":"wp","href":"https:\/\/api.w.org\/{rel}","templated":true}]}}