{"id":1562,"date":"2024-09-10T14:59:16","date_gmt":"2024-09-10T14:59:16","guid":{"rendered":"https:\/\/harmonybytuzel.com\/?page_id=1562"},"modified":"2026-02-06T22:40:37","modified_gmt":"2026-02-06T22:40:37","slug":"harmony-by-tuzel-dergiler","status":"publish","type":"page","link":"https:\/\/harmonybytuzel.com\/en\/harmony-by-tuzel-dergiler\/","title":{"rendered":"2023-2026 JOURNALS"},"content":{"rendered":"<div data-elementor-type=\"wp-page\" data-elementor-id=\"1562\" class=\"elementor elementor-1562\">\n\t\t\t\t<div class=\"elementor-element elementor-element-0d1373f e-grid e-con-boxed e-con e-parent\" data-id=\"0d1373f\" data-element_type=\"container\">\n\t\t\t\t\t<div class=\"e-con-inner\">\n\t\t\t\t<div class=\"elementor-element elementor-element-da87ce4 elementor-widget elementor-widget-image\" data-id=\"da87ce4\" data-element_type=\"widget\" data-widget_type=\"image.default\">\n\t\t\t\t\t\t\t\t\t\t\t\t\t\t\t<img fetchpriority=\"high\" decoding=\"async\" width=\"640\" height=\"924\" src=\"https:\/\/harmonybytuzel.com\/wp-content\/uploads\/2026\/02\/HARMONY-ISSUE-1-709x1024.jpg\" class=\"attachment-large size-large wp-image-1884\" alt=\"\" srcset=\"https:\/\/harmonybytuzel.com\/wp-content\/uploads\/2026\/02\/HARMONY-ISSUE-1-709x1024.jpg 709w, https:\/\/harmonybytuzel.com\/wp-content\/uploads\/2026\/02\/HARMONY-ISSUE-1-208x300.jpg 208w, https:\/\/harmonybytuzel.com\/wp-content\/uploads\/2026\/02\/HARMONY-ISSUE-1-768x1109.jpg 768w, https:\/\/harmonybytuzel.com\/wp-content\/uploads\/2026\/02\/HARMONY-ISSUE-1-1064x1536.jpg 1064w, https:\/\/harmonybytuzel.com\/wp-content\/uploads\/2026\/02\/HARMONY-ISSUE-1-1419x2048.jpg 1419w, https:\/\/harmonybytuzel.com\/wp-content\/uploads\/2026\/02\/HARMONY-ISSUE-1-scaled.jpg 1773w\" sizes=\"(max-width: 640px) 100vw, 640px\" \/>\t\t\t\t\t\t\t\t\t\t\t\t\t\t\t<\/div>\n\t\t\t\t\t<\/div>\n\t\t\t\t<\/div>\n\t\t<div class=\"elementor-element elementor-element-5c12102 e-grid e-con-boxed e-con e-parent\" data-id=\"5c12102\" data-element_type=\"container\">\n\t\t\t\t\t<div class=\"e-con-inner\">\n\t\t\t\t<div class=\"elementor-element elementor-element-277b171 elementor-widget elementor-widget-image\" data-id=\"277b171\" data-element_type=\"widget\" data-widget_type=\"image.default\">\n\t\t\t\t\t\t\t\t\t\t\t\t\t\t\t<img decoding=\"async\" width=\"640\" height=\"890\" src=\"https:\/\/harmonybytuzel.com\/wp-content\/uploads\/2026\/02\/HARMONY-ISSUE-2-736x1024.jpg\" class=\"attachment-large size-large wp-image-1876\" alt=\"\" srcset=\"https:\/\/harmonybytuzel.com\/wp-content\/uploads\/2026\/02\/HARMONY-ISSUE-2-736x1024.jpg 736w, https:\/\/harmonybytuzel.com\/wp-content\/uploads\/2026\/02\/HARMONY-ISSUE-2-216x300.jpg 216w, https:\/\/harmonybytuzel.com\/wp-content\/uploads\/2026\/02\/HARMONY-ISSUE-2-768x1068.jpg 768w, https:\/\/harmonybytuzel.com\/wp-content\/uploads\/2026\/02\/HARMONY-ISSUE-2.jpg 921w\" sizes=\"(max-width: 640px) 100vw, 640px\" \/>\t\t\t\t\t\t\t\t\t\t\t\t\t\t\t<\/div>\n\t\t\t\t<div class=\"elementor-element elementor-element-fd5414e elementor-widget elementor-widget-image\" data-id=\"fd5414e\" data-element_type=\"widget\" data-widget_type=\"image.default\">\n\t\t\t\t\t\t\t\t\t\t\t\t\t\t\t<img decoding=\"async\" width=\"640\" height=\"887\" src=\"https:\/\/harmonybytuzel.com\/wp-content\/uploads\/2026\/02\/HARMONY-ISSUE-3-739x1024.jpg\" class=\"attachment-large size-large wp-image-1878\" alt=\"\" srcset=\"https:\/\/harmonybytuzel.com\/wp-content\/uploads\/2026\/02\/HARMONY-ISSUE-3-739x1024.jpg 739w, https:\/\/harmonybytuzel.com\/wp-content\/uploads\/2026\/02\/HARMONY-ISSUE-3-217x300.jpg 217w, https:\/\/harmonybytuzel.com\/wp-content\/uploads\/2026\/02\/HARMONY-ISSUE-3-768x1064.jpg 768w, https:\/\/harmonybytuzel.com\/wp-content\/uploads\/2026\/02\/HARMONY-ISSUE-3.jpg 921w\" sizes=\"(max-width: 640px) 100vw, 640px\" \/>\t\t\t\t\t\t\t\t\t\t\t\t\t\t\t<\/div>\n\t\t\t\t<div class=\"elementor-element elementor-element-66b3fc3 elementor-widget elementor-widget-image\" data-id=\"66b3fc3\" data-element_type=\"widget\" data-widget_type=\"image.default\">\n\t\t\t\t\t\t\t\t\t\t\t\t\t\t\t<img loading=\"lazy\" decoding=\"async\" width=\"640\" height=\"900\" src=\"https:\/\/harmonybytuzel.com\/wp-content\/uploads\/2026\/02\/HARMONY-ISSUE-4-728x1024.jpg\" class=\"attachment-large size-large wp-image-1879\" alt=\"\" srcset=\"https:\/\/harmonybytuzel.com\/wp-content\/uploads\/2026\/02\/HARMONY-ISSUE-4-728x1024.jpg 728w, https:\/\/harmonybytuzel.com\/wp-content\/uploads\/2026\/02\/HARMONY-ISSUE-4-213x300.jpg 213w, https:\/\/harmonybytuzel.com\/wp-content\/uploads\/2026\/02\/HARMONY-ISSUE-4-768x1080.jpg 768w, https:\/\/harmonybytuzel.com\/wp-content\/uploads\/2026\/02\/HARMONY-ISSUE-4.jpg 921w\" sizes=\"(max-width: 640px) 100vw, 640px\" \/>\t\t\t\t\t\t\t\t\t\t\t\t\t\t\t<\/div>\n\t\t\t\t\t<\/div>\n\t\t\t\t<\/div>\n\t\t<div class=\"elementor-element elementor-element-f472e80 e-grid e-con-boxed e-con e-parent\" data-id=\"f472e80\" data-element_type=\"container\">\n\t\t\t\t\t<div class=\"e-con-inner\">\n\t\t\t\t<div class=\"elementor-element elementor-element-17c4165 elementor-widget elementor-widget-image\" data-id=\"17c4165\" data-element_type=\"widget\" data-widget_type=\"image.default\">\n\t\t\t\t\t\t\t\t\t\t\t\t\t\t\t\t<a href=\"https:\/\/harmonybytuzel.com\/en\/2026\/02\/06\/harmony-by-tuzel-5-yayin\/\">\n\t\t\t\t\t\t\t<img loading=\"lazy\" decoding=\"async\" width=\"640\" height=\"904\" src=\"https:\/\/harmonybytuzel.com\/wp-content\/uploads\/2026\/01\/SAYI\u20225-725x1024.jpg\" class=\"attachment-large size-large wp-image-1788\" alt=\"\" srcset=\"https:\/\/harmonybytuzel.com\/wp-content\/uploads\/2026\/01\/SAYI\u20225-725x1024.jpg 725w, https:\/\/harmonybytuzel.com\/wp-content\/uploads\/2026\/01\/SAYI\u20225-212x300.jpg 212w, https:\/\/harmonybytuzel.com\/wp-content\/uploads\/2026\/01\/SAYI\u20225-768x1085.jpg 768w, https:\/\/harmonybytuzel.com\/wp-content\/uploads\/2026\/01\/SAYI\u20225-1087x1536.jpg 1087w, https:\/\/harmonybytuzel.com\/wp-content\/uploads\/2026\/01\/SAYI\u20225-1450x2048.jpg 1450w, https:\/\/harmonybytuzel.com\/wp-content\/uploads\/2026\/01\/SAYI\u20225-scaled.jpg 1812w\" sizes=\"(max-width: 640px) 100vw, 640px\" \/>\t\t\t\t\t\t\t\t<\/a>\n\t\t\t\t\t\t\t\t\t\t\t\t\t\t\t<\/div>\n\t\t\t\t<div class=\"elementor-element elementor-element-84a2202 elementor-widget elementor-widget-image\" data-id=\"84a2202\" data-element_type=\"widget\" data-widget_type=\"image.default\">\n\t\t\t\t\t\t\t\t\t\t\t\t\t\t\t\t<a href=\"https:\/\/harmonybytuzel.com\/en\/2026\/02\/06\/harmony-by-tuzel-6-yayin\/\">\n\t\t\t\t\t\t\t<img loading=\"lazy\" decoding=\"async\" width=\"640\" height=\"910\" src=\"https:\/\/harmonybytuzel.com\/wp-content\/uploads\/2026\/01\/SAYI\u20226-720x1024.jpg\" class=\"attachment-large size-large wp-image-1789\" alt=\"\" srcset=\"https:\/\/harmonybytuzel.com\/wp-content\/uploads\/2026\/01\/SAYI\u20226-720x1024.jpg 720w, https:\/\/harmonybytuzel.com\/wp-content\/uploads\/2026\/01\/SAYI\u20226-211x300.jpg 211w, https:\/\/harmonybytuzel.com\/wp-content\/uploads\/2026\/01\/SAYI\u20226-768x1093.jpg 768w, https:\/\/harmonybytuzel.com\/wp-content\/uploads\/2026\/01\/SAYI\u20226-1079x1536.jpg 1079w, https:\/\/harmonybytuzel.com\/wp-content\/uploads\/2026\/01\/SAYI\u20226-1439x2048.jpg 1439w, https:\/\/harmonybytuzel.com\/wp-content\/uploads\/2026\/01\/SAYI\u20226-scaled.jpg 1799w\" sizes=\"(max-width: 640px) 100vw, 640px\" \/>\t\t\t\t\t\t\t\t<\/a>\n\t\t\t\t\t\t\t\t\t\t\t\t\t\t\t<\/div>\n\t\t\t\t<div class=\"elementor-element elementor-element-d1d4ed7 elementor-widget elementor-widget-image\" data-id=\"d1d4ed7\" data-element_type=\"widget\" data-widget_type=\"image.default\">\n\t\t\t\t\t\t\t\t\t\t\t\t\t\t\t\t<a href=\"https:\/\/harmonybytuzel.com\/en\/2026\/02\/06\/harmony-by-tuzel-7-yayin\/\">\n\t\t\t\t\t\t\t<img loading=\"lazy\" decoding=\"async\" width=\"640\" height=\"905\" src=\"https:\/\/harmonybytuzel.com\/wp-content\/uploads\/2026\/01\/SAYI\u20227-724x1024.jpg\" class=\"attachment-large size-large wp-image-1790\" alt=\"\" srcset=\"https:\/\/harmonybytuzel.com\/wp-content\/uploads\/2026\/01\/SAYI\u20227-724x1024.jpg 724w, https:\/\/harmonybytuzel.com\/wp-content\/uploads\/2026\/01\/SAYI\u20227-212x300.jpg 212w, https:\/\/harmonybytuzel.com\/wp-content\/uploads\/2026\/01\/SAYI\u20227-768x1086.jpg 768w, https:\/\/harmonybytuzel.com\/wp-content\/uploads\/2026\/01\/SAYI\u20227-1086x1536.jpg 1086w, https:\/\/harmonybytuzel.com\/wp-content\/uploads\/2026\/01\/SAYI\u20227-1448x2048.jpg 1448w, https:\/\/harmonybytuzel.com\/wp-content\/uploads\/2026\/01\/SAYI\u20227-scaled.jpg 1810w\" sizes=\"(max-width: 640px) 100vw, 640px\" \/>\t\t\t\t\t\t\t\t<\/a>\n\t\t\t\t\t\t\t\t\t\t\t\t\t\t\t<\/div>\n\t\t\t\t<div class=\"elementor-element elementor-element-cd9be61 elementor-widget elementor-widget-image\" data-id=\"cd9be61\" data-element_type=\"widget\" data-widget_type=\"image.default\">\n\t\t\t\t\t\t\t\t\t\t\t\t\t\t\t\t<a href=\"https:\/\/harmonybytuzel.com\/en\/2026\/02\/06\/harmony-by-tuzel-8-yayin\/\">\n\t\t\t\t\t\t\t<img loading=\"lazy\" decoding=\"async\" width=\"640\" height=\"905\" src=\"https:\/\/harmonybytuzel.com\/wp-content\/uploads\/2026\/01\/SAYI\u20228-724x1024.jpg\" class=\"attachment-large size-large wp-image-1791\" alt=\"\" srcset=\"https:\/\/harmonybytuzel.com\/wp-content\/uploads\/2026\/01\/SAYI\u20228-724x1024.jpg 724w, https:\/\/harmonybytuzel.com\/wp-content\/uploads\/2026\/01\/SAYI\u20228-212x300.jpg 212w, https:\/\/harmonybytuzel.com\/wp-content\/uploads\/2026\/01\/SAYI\u20228-768x1086.jpg 768w, https:\/\/harmonybytuzel.com\/wp-content\/uploads\/2026\/01\/SAYI\u20228-1086x1536.jpg 1086w, https:\/\/harmonybytuzel.com\/wp-content\/uploads\/2026\/01\/SAYI\u20228-1448x2048.jpg 1448w, https:\/\/harmonybytuzel.com\/wp-content\/uploads\/2026\/01\/SAYI\u20228-scaled.jpg 1810w\" sizes=\"(max-width: 640px) 100vw, 640px\" \/>\t\t\t\t\t\t\t\t<\/a>\n\t\t\t\t\t\t\t\t\t\t\t\t\t\t\t<\/div>\n\t\t\t\t<div class=\"elementor-element elementor-element-e6d402a elementor-widget elementor-widget-image\" data-id=\"e6d402a\" data-element_type=\"widget\" data-widget_type=\"image.default\">\n\t\t\t\t\t\t\t\t\t\t\t\t\t\t\t\t<a href=\"https:\/\/harmonybytuzel.com\/en\/2026\/02\/06\/harmony-by-tuzel-9-yayin\/\">\n\t\t\t\t\t\t\t<img loading=\"lazy\" decoding=\"async\" width=\"640\" height=\"905\" src=\"https:\/\/harmonybytuzel.com\/wp-content\/uploads\/2026\/01\/SAYI\u20229-724x1024.jpg\" class=\"attachment-large size-large wp-image-1792\" alt=\"\" srcset=\"https:\/\/harmonybytuzel.com\/wp-content\/uploads\/2026\/01\/SAYI\u20229-724x1024.jpg 724w, https:\/\/harmonybytuzel.com\/wp-content\/uploads\/2026\/01\/SAYI\u20229-212x300.jpg 212w, https:\/\/harmonybytuzel.com\/wp-content\/uploads\/2026\/01\/SAYI\u20229-768x1086.jpg 768w, https:\/\/harmonybytuzel.com\/wp-content\/uploads\/2026\/01\/SAYI\u20229-1086x1536.jpg 1086w, https:\/\/harmonybytuzel.com\/wp-content\/uploads\/2026\/01\/SAYI\u20229-1448x2048.jpg 1448w, https:\/\/harmonybytuzel.com\/wp-content\/uploads\/2026\/01\/SAYI\u20229-scaled.jpg 1810w\" sizes=\"(max-width: 640px) 100vw, 640px\" \/>\t\t\t\t\t\t\t\t<\/a>\n\t\t\t\t\t\t\t\t\t\t\t\t\t\t\t<\/div>\n\t\t\t\t<div class=\"elementor-element elementor-element-cdf2948 elementor-widget elementor-widget-image\" data-id=\"cdf2948\" data-element_type=\"widget\" data-widget_type=\"image.default\">\n\t\t\t\t\t\t\t\t\t\t\t\t\t\t\t\t<a href=\"https:\/\/harmonybytuzel.com\/en\/2026\/02\/06\/harmony-by-tuzel-10-yayin\/\">\n\t\t\t\t\t\t\t<img loading=\"lazy\" decoding=\"async\" width=\"640\" height=\"905\" src=\"https:\/\/harmonybytuzel.com\/wp-content\/uploads\/2026\/01\/SAYI\u202210-724x1024.jpg\" class=\"attachment-large size-large wp-image-1793\" alt=\"\" srcset=\"https:\/\/harmonybytuzel.com\/wp-content\/uploads\/2026\/01\/SAYI\u202210-724x1024.jpg 724w, https:\/\/harmonybytuzel.com\/wp-content\/uploads\/2026\/01\/SAYI\u202210-212x300.jpg 212w, https:\/\/harmonybytuzel.com\/wp-content\/uploads\/2026\/01\/SAYI\u202210-768x1086.jpg 768w, https:\/\/harmonybytuzel.com\/wp-content\/uploads\/2026\/01\/SAYI\u202210-1086x1536.jpg 1086w, https:\/\/harmonybytuzel.com\/wp-content\/uploads\/2026\/01\/SAYI\u202210-1448x2048.jpg 1448w, https:\/\/harmonybytuzel.com\/wp-content\/uploads\/2026\/01\/SAYI\u202210-scaled.jpg 1810w\" sizes=\"(max-width: 640px) 100vw, 640px\" \/>\t\t\t\t\t\t\t\t<\/a>\n\t\t\t\t\t\t\t\t\t\t\t\t\t\t\t<\/div>\n\t\t\t\t\t<\/div>\n\t\t\t\t<\/div>\n\t\t<div class=\"elementor-element elementor-element-1232da1 e-grid e-con-boxed e-con e-parent\" data-id=\"1232da1\" data-element_type=\"container\">\n\t\t\t\t\t<div class=\"e-con-inner\">\n\t\t\t\t<div class=\"elementor-element elementor-element-2aa000c elementor-widget elementor-widget-image\" data-id=\"2aa000c\" data-element_type=\"widget\" data-widget_type=\"image.default\">\n\t\t\t\t\t\t\t\t\t\t\t\t\t\t\t\t<a href=\"https:\/\/harmonybytuzel.com\/en\/2026\/01\/19\/elementor-1814\/\">\n\t\t\t\t\t\t\t<img loading=\"lazy\" decoding=\"async\" width=\"640\" height=\"905\" src=\"https:\/\/harmonybytuzel.com\/wp-content\/uploads\/2026\/01\/SAYI\u202211-724x1024.jpg\" class=\"attachment-large size-large wp-image-1794\" alt=\"\" srcset=\"https:\/\/harmonybytuzel.com\/wp-content\/uploads\/2026\/01\/SAYI\u202211-724x1024.jpg 724w, https:\/\/harmonybytuzel.com\/wp-content\/uploads\/2026\/01\/SAYI\u202211-212x300.jpg 212w, https:\/\/harmonybytuzel.com\/wp-content\/uploads\/2026\/01\/SAYI\u202211-768x1086.jpg 768w, https:\/\/harmonybytuzel.com\/wp-content\/uploads\/2026\/01\/SAYI\u202211-1086x1536.jpg 1086w, https:\/\/harmonybytuzel.com\/wp-content\/uploads\/2026\/01\/SAYI\u202211-1448x2048.jpg 1448w, https:\/\/harmonybytuzel.com\/wp-content\/uploads\/2026\/01\/SAYI\u202211-scaled.jpg 1810w\" sizes=\"(max-width: 640px) 100vw, 640px\" \/>\t\t\t\t\t\t\t\t<\/a>\n\t\t\t\t\t\t\t\t\t\t\t\t\t\t\t<\/div>\n\t\t\t\t\t<\/div>\n\t\t\t\t<\/div>\n\t\t\t\t<\/div>","protected":false},"excerpt":{"rendered":"","protected":false},"author":3,"featured_media":0,"parent":0,"menu_order":0,"comment_status":"closed","ping_status":"closed","template":"","meta":{"inline_featured_image":false,"footnotes":""},"class_list":["post-1562","page","type-page","status-publish","hentry"],"yoast_head":"<!-- This site is optimized with the Yoast SEO plugin v26.9 - https:\/\/yoast.com\/product\/yoast-seo-wordpress\/ -->\n<title>2023-2026 DERG\u0130LER - Harmony By T\u00fczel<\/title>\n<meta name=\"robots\" content=\"index, follow, max-snippet:-1, max-image-preview:large, max-video-preview:-1\" \/>\n<link rel=\"canonical\" href=\"https:\/\/harmonybytuzel.com\/en\/harmony-by-tuzel-dergiler\/\" \/>\n<meta property=\"og:locale\" content=\"en_GB\" \/>\n<meta property=\"og:type\" content=\"article\" \/>\n<meta property=\"og:title\" content=\"2023-2026 DERG\u0130LER - Harmony By T\u00fczel\" \/>\n<meta property=\"og:url\" content=\"https:\/\/harmonybytuzel.com\/en\/harmony-by-tuzel-dergiler\/\" \/>\n<meta property=\"og:site_name\" content=\"Harmony By T\u00fczel\" \/>\n<meta property=\"article:modified_time\" content=\"2026-02-06T22:40:37+00:00\" \/>\n<meta property=\"og:image\" content=\"https:\/\/harmonybytuzel.com\/wp-content\/uploads\/2026\/02\/HARMONY-ISSUE-1-scaled.jpg\" \/>\n\t<meta property=\"og:image:width\" content=\"1773\" \/>\n\t<meta property=\"og:image:height\" content=\"2560\" \/>\n\t<meta property=\"og:image:type\" content=\"image\/jpeg\" \/>\n<meta name=\"twitter:card\" content=\"summary_large_image\" \/>\n<meta name=\"twitter:label1\" content=\"Estimated reading time\" \/>\n\t<meta name=\"twitter:data1\" content=\"2 minutes\" \/>\n<script type=\"application\/ld+json\" class=\"yoast-schema-graph\">{\"@context\":\"https:\/\/schema.org\",\"@graph\":[{\"@type\":\"WebPage\",\"@id\":\"https:\/\/harmonybytuzel.com\/harmony-by-tuzel-dergiler\/\",\"url\":\"https:\/\/harmonybytuzel.com\/harmony-by-tuzel-dergiler\/\",\"name\":\"2023-2026 DERG\u0130LER - Harmony By T\u00fczel\",\"isPartOf\":{\"@id\":\"https:\/\/harmonybytuzel.com\/#website\"},\"primaryImageOfPage\":{\"@id\":\"https:\/\/harmonybytuzel.com\/harmony-by-tuzel-dergiler\/#primaryimage\"},\"image\":{\"@id\":\"https:\/\/harmonybytuzel.com\/harmony-by-tuzel-dergiler\/#primaryimage\"},\"thumbnailUrl\":\"https:\/\/harmonybytuzel.com\/wp-content\/uploads\/2026\/02\/HARMONY-ISSUE-1-709x1024.jpg\",\"datePublished\":\"2024-09-10T14:59:16+00:00\",\"dateModified\":\"2026-02-06T22:40:37+00:00\",\"breadcrumb\":{\"@id\":\"https:\/\/harmonybytuzel.com\/harmony-by-tuzel-dergiler\/#breadcrumb\"},\"inLanguage\":\"en-GB\",\"potentialAction\":[{\"@type\":\"ReadAction\",\"target\":[\"https:\/\/harmonybytuzel.com\/harmony-by-tuzel-dergiler\/\"]}]},{\"@type\":\"ImageObject\",\"inLanguage\":\"en-GB\",\"@id\":\"https:\/\/harmonybytuzel.com\/harmony-by-tuzel-dergiler\/#primaryimage\",\"url\":\"https:\/\/harmonybytuzel.com\/wp-content\/uploads\/2026\/02\/HARMONY-ISSUE-1-709x1024.jpg\",\"contentUrl\":\"https:\/\/harmonybytuzel.com\/wp-content\/uploads\/2026\/02\/HARMONY-ISSUE-1-709x1024.jpg\"},{\"@type\":\"BreadcrumbList\",\"@id\":\"https:\/\/harmonybytuzel.com\/harmony-by-tuzel-dergiler\/#breadcrumb\",\"itemListElement\":[{\"@type\":\"ListItem\",\"position\":1,\"name\":\"Anasayfa\",\"item\":\"https:\/\/harmonybytuzel.com\/\"},{\"@type\":\"ListItem\",\"position\":2,\"name\":\"2023-2026 DERG\u0130LER\"}]},{\"@type\":\"WebSite\",\"@id\":\"https:\/\/harmonybytuzel.com\/#website\",\"url\":\"https:\/\/harmonybytuzel.com\/\",\"name\":\"Harmony By T\u00fczel\",\"description\":\"S\u0131n\u0131rlar\u0131n \u00d6tesinde, Ke\u015ffin \u0130zinde. \u2022 Beyond Borders, In Pursuit of Discovery.\",\"publisher\":{\"@id\":\"https:\/\/harmonybytuzel.com\/#organization\"},\"potentialAction\":[{\"@type\":\"SearchAction\",\"target\":{\"@type\":\"EntryPoint\",\"urlTemplate\":\"https:\/\/harmonybytuzel.com\/?s={search_term_string}\"},\"query-input\":{\"@type\":\"PropertyValueSpecification\",\"valueRequired\":true,\"valueName\":\"search_term_string\"}}],\"inLanguage\":\"en-GB\"},{\"@type\":\"Organization\",\"@id\":\"https:\/\/harmonybytuzel.com\/#organization\",\"name\":\"Harmony By T\u00fczel\",\"url\":\"https:\/\/harmonybytuzel.com\/\",\"logo\":{\"@type\":\"ImageObject\",\"inLanguage\":\"en-GB\",\"@id\":\"https:\/\/harmonybytuzel.com\/#\/schema\/logo\/image\/\",\"url\":\"https:\/\/harmonybytuzel.com\/wp-content\/uploads\/2026\/01\/cropped-Dergi.Logo_.png\",\"contentUrl\":\"https:\/\/harmonybytuzel.com\/wp-content\/uploads\/2026\/01\/cropped-Dergi.Logo_.png\",\"width\":2362,\"height\":2362,\"caption\":\"Harmony By T\u00fczel\"},\"image\":{\"@id\":\"https:\/\/harmonybytuzel.com\/#\/schema\/logo\/image\/\"},\"sameAs\":[\"https:\/\/www.instagram.com\/harmonybytuzel\/\"]}]}<\/script>\n<!-- \/ Yoast SEO plugin. -->","yoast_head_json":{"title":"2023-2026 DERG\u0130LER - Harmony By T\u00fczel","robots":{"index":"index","follow":"follow","max-snippet":"max-snippet:-1","max-image-preview":"max-image-preview:large","max-video-preview":"max-video-preview:-1"},"canonical":"https:\/\/harmonybytuzel.com\/en\/harmony-by-tuzel-dergiler\/","og_locale":"en_GB","og_type":"article","og_title":"2023-2026 DERG\u0130LER - Harmony By T\u00fczel","og_url":"https:\/\/harmonybytuzel.com\/en\/harmony-by-tuzel-dergiler\/","og_site_name":"Harmony By T\u00fczel","article_modified_time":"2026-02-06T22:40:37+00:00","og_image":[{"width":1773,"height":2560,"url":"https:\/\/harmonybytuzel.com\/wp-content\/uploads\/2026\/02\/HARMONY-ISSUE-1-scaled.jpg","type":"image\/jpeg"}],"twitter_card":"summary_large_image","twitter_misc":{"Estimated reading time":"2 minutes"},"schema":{"@context":"https:\/\/schema.org","@graph":[{"@type":"WebPage","@id":"https:\/\/harmonybytuzel.com\/harmony-by-tuzel-dergiler\/","url":"https:\/\/harmonybytuzel.com\/harmony-by-tuzel-dergiler\/","name":"2023-2026 DERG\u0130LER - Harmony By T\u00fczel","isPartOf":{"@id":"https:\/\/harmonybytuzel.com\/#website"},"primaryImageOfPage":{"@id":"https:\/\/harmonybytuzel.com\/harmony-by-tuzel-dergiler\/#primaryimage"},"image":{"@id":"https:\/\/harmonybytuzel.com\/harmony-by-tuzel-dergiler\/#primaryimage"},"thumbnailUrl":"https:\/\/harmonybytuzel.com\/wp-content\/uploads\/2026\/02\/HARMONY-ISSUE-1-709x1024.jpg","datePublished":"2024-09-10T14:59:16+00:00","dateModified":"2026-02-06T22:40:37+00:00","breadcrumb":{"@id":"https:\/\/harmonybytuzel.com\/harmony-by-tuzel-dergiler\/#breadcrumb"},"inLanguage":"en-GB","potentialAction":[{"@type":"ReadAction","target":["https:\/\/harmonybytuzel.com\/harmony-by-tuzel-dergiler\/"]}]},{"@type":"ImageObject","inLanguage":"en-GB","@id":"https:\/\/harmonybytuzel.com\/harmony-by-tuzel-dergiler\/#primaryimage","url":"https:\/\/harmonybytuzel.com\/wp-content\/uploads\/2026\/02\/HARMONY-ISSUE-1-709x1024.jpg","contentUrl":"https:\/\/harmonybytuzel.com\/wp-content\/uploads\/2026\/02\/HARMONY-ISSUE-1-709x1024.jpg"},{"@type":"BreadcrumbList","@id":"https:\/\/harmonybytuzel.com\/harmony-by-tuzel-dergiler\/#breadcrumb","itemListElement":[{"@type":"ListItem","position":1,"name":"Anasayfa","item":"https:\/\/harmonybytuzel.com\/"},{"@type":"ListItem","position":2,"name":"2023-2026 DERG\u0130LER"}]},{"@type":"WebSite","@id":"https:\/\/harmonybytuzel.com\/#website","url":"https:\/\/harmonybytuzel.com\/","name":"Harmony By\u00fczel","description":"S\u0131n\u0131rlar\u0131n \u00d6tesinde, Ke\u015ffin \u0130zinde. \u2022 Beyond Borders, In Pursuit of Discovery.","publisher":{"@id":"https:\/\/harmonybytuzel.com\/#organization"},"potentialAction":[{"@type":"SearchAction","target":{"@type":"EntryPoint","urlTemplate":"https:\/\/harmonybytuzel.com\/?s={search_term_string}"},"query-input":{"@type":"PropertyValueSpecification","valueRequired":true,"valueName":"search_term_string"}}],"inLanguage":"en-GB"},{"@type":"Organization","@id":"https:\/\/harmonybytuzel.com\/#organization","name":"Harmony By\u00fczel","url":"https:\/\/harmonybytuzel.com\/","logo":{"@type":"ImageObject","inLanguage":"en-GB","@id":"https:\/\/harmonybytuzel.com\/#\/schema\/logo\/image\/","url":"https:\/\/harmonybytuzel.com\/wp-content\/uploads\/2026\/01\/cropped-Dergi.Logo_.png","contentUrl":"https:\/\/harmonybytuzel.com\/wp-content\/uploads\/2026\/01\/cropped-Dergi.Logo_.png","width":2362,"height":2362,"caption":"Harmony By T\u00fczel"},"image":{"@id":"https:\/\/harmonybytuzel.com\/#\/schema\/logo\/image\/"},"sameAs":["https:\/\/www.instagram.com\/harmonybytuzel\/"]}]}},"amp_enabled":true,"_links":{"self":[{"href":"https:\/\/harmonybytuzel.com\/en\/wp-json\/wp\/v2\/pages\/1562","targetHints":{"allow":["GET"]}}],"collection":[{"href":"https:\/\/harmonybytuzel.com\/en\/wp-json\/wp\/v2\/pages"}],"about":[{"href":"https:\/\/harmonybytuzel.com\/en\/wp-json\/wp\/v2\/types\/page"}],"author":[{"embeddable":true,"href":"https:\/\/harmonybytuzel.com\/en\/wp-json\/wp\/v2\/users\/3"}],"replies":[{"embeddable":true,"href":"https:\/\/harmonybytuzel.com\/en\/wp-json\/wp\/v2\/comments?post=1562"}],"version-history":[{"count":34,"href":"https:\/\/harmonybytuzel.com\/en\/wp-json\/wp\/v2\/pages\/1562\/revisions"}],"predecessor-version":[{"id":1966,"href":"https:\/\/harmonybytuzel.com\/en\/wp-json\/wp\/v2\/pages\/1562\/revisions\/1966"}],"wp:attachment":[{"href":"https:\/\/harmonybytuzel.com\/en\/wp-json\/wp\/v2\/media?parent=1562"}],"curies":[{"name":"wp","href":"https:\/\/api.w.org\/{rel}","templated":true}]}}