{"id":8,"date":"2021-12-25T05:23:13","date_gmt":"2021-12-25T05:23:13","guid":{"rendered":"https:\/\/itcroctheme.com\/papermag\/sports\/?page_id=8"},"modified":"2026-02-04T23:52:58","modified_gmt":"2026-02-04T23:52:58","slug":"anasayfa","status":"publish","type":"page","link":"https:\/\/harmonybytuzel.com\/en\/","title":{"rendered":"ANASAYFA"},"content":{"rendered":"<div data-elementor-type=\"wp-page\" data-elementor-id=\"8\" class=\"elementor elementor-8\">\n\t\t\t\t<div class=\"elementor-element elementor-element-7d0ac00 e-flex e-con-boxed e-con e-parent\" data-id=\"7d0ac00\" data-element_type=\"container\">\n\t\t\t\t\t<div class=\"e-con-inner\">\n\t\t\t\t<div class=\"elementor-element elementor-element-c881ce2 e-grid-align-right elementor-shape-rounded elementor-grid-0 elementor-widget elementor-widget-social-icons\" data-id=\"c881ce2\" data-element_type=\"widget\" data-widget_type=\"social-icons.default\">\n\t\t\t\t\t\t\t<div class=\"elementor-social-icons-wrapper elementor-grid\">\n\t\t\t\t\t\t\t<span class=\"elementor-grid-item\">\n\t\t\t\t\t<a class=\"elementor-icon elementor-social-icon elementor-social-icon-instagram elementor-repeater-item-0c6bba9\" href=\"https:\/\/www.instagram.com\/harmonybytuzel\/\" target=\"_blank\">\n\t\t\t\t\t\t<span class=\"elementor-screen-only\">Instagram<\/span>\n\t\t\t\t\t\t<svg aria-hidden=\"true\" class=\"e-font-icon-svg e-fab-instagram\" viewbox=\"0 0 448 512\" xmlns=\"http:\/\/www.w3.org\/2000\/svg\"><path d=\"M224.1 141c-63.6 0-114.9 51.3-114.9 114.9s51.3 114.9 114.9 114.9S339 319.5 339 255.9 287.7 141 224.1 141zm0 189.6c-41.1 0-74.7-33.5-74.7-74.7s33.5-74.7 74.7-74.7 74.7 33.5 74.7 74.7-33.6 74.7-74.7 74.7zm146.4-194.3c0 14.9-12 26.8-26.8 26.8-14.9 0-26.8-12-26.8-26.8s12-26.8 26.8-26.8 26.8 12 26.8 26.8zm76.1 27.2c-1.7-35.9-9.9-67.7-36.2-93.9-26.2-26.2-58-34.4-93.9-36.2-37-2.1-147.9-2.1-184.9 0-35.8 1.7-67.6 9.9-93.9 36.1s-34.4 58-36.2 93.9c-2.1 37-2.1 147.9 0 184.9 1.7 35.9 9.9 67.7 36.2 93.9s58 34.4 93.9 36.2c37 2.1 147.9 2.1 184.9 0 35.9-1.7 67.7-9.9 93.9-36.2 26.2-26.2 34.4-58 36.2-93.9 2.1-37 2.1-147.8 0-184.8zM398.8 388c-7.8 19.6-22.9 34.7-42.6 42.6-29.5 11.7-99.5 9-132.1 9s-102.7 2.6-132.1-9c-19.6-7.8-34.7-22.9-42.6-42.6-11.7-29.5-9-99.5-9-132.1s-2.6-102.7 9-132.1c7.8-19.6 22.9-34.7 42.6-42.6 29.5-11.7 99.5-9 132.1-9s102.7-2.6 132.1 9c19.6 7.8 34.7 22.9 42.6 42.6 11.7 29.5 9 99.5 9 132.1s2.7 102.7-9 132.1z\"><\/path><\/svg>\t\t\t\t\t<\/a>\n\t\t\t\t<\/span>\n\t\t\t\t\t<\/div>\n\t\t\t\t\t\t<\/div>\n\t\t\t\t\t<\/div>\n\t\t\t\t<\/div>\n\t\t<div class=\"elementor-element elementor-element-419aa18 e-flex e-con-boxed e-con e-parent\" data-id=\"419aa18\" data-element_type=\"container\">\n\t\t\t\t\t<div class=\"e-con-inner\">\n\t\t\t\t<div class=\"elementor-element elementor-element-61182a2 elementor-widget elementor-widget-image\" data-id=\"61182a2\" data-element_type=\"widget\" data-widget_type=\"image.default\">\n\t\t\t\t\t\t\t\t\t\t\t\t\t\t\t<img fetchpriority=\"high\" decoding=\"async\" width=\"1141\" height=\"171\" src=\"https:\/\/harmonybytuzel.com\/wp-content\/uploads\/2026\/01\/HARMONY_TOP_BANNER.jpg\" class=\"attachment-full size-full wp-image-1731\" alt=\"\" srcset=\"https:\/\/harmonybytuzel.com\/wp-content\/uploads\/2026\/01\/HARMONY_TOP_BANNER.jpg 1141w, https:\/\/harmonybytuzel.com\/wp-content\/uploads\/2026\/01\/HARMONY_TOP_BANNER-300x45.jpg 300w, https:\/\/harmonybytuzel.com\/wp-content\/uploads\/2026\/01\/HARMONY_TOP_BANNER-1024x153.jpg 1024w, https:\/\/harmonybytuzel.com\/wp-content\/uploads\/2026\/01\/HARMONY_TOP_BANNER-768x115.jpg 768w\" sizes=\"(max-width: 1141px) 100vw, 1141px\" \/>\t\t\t\t\t\t\t\t\t\t\t\t\t\t\t<\/div>\n\t\t\t\t<div class=\"elementor-element elementor-element-34beb62 elementor-widget elementor-widget-text-editor\" data-id=\"34beb62\" data-element_type=\"widget\" data-widget_type=\"text-editor.default\">\n\t\t\t\t\t\t\t\t\t<div><\/div>\t\t\t\t\t\t\t\t<\/div>\n\t\t\t\t\t<\/div>\n\t\t\t\t<\/div>\n\t\t<div class=\"elementor-element elementor-element-018a586 e-flex e-con-boxed e-con e-parent\" data-id=\"018a586\" data-element_type=\"container\">\n\t\t\t\t\t<div class=\"e-con-inner\">\n\t\t\t\t<div class=\"elementor-element elementor-element-971f31f elementor-widget elementor-widget-video\" data-id=\"971f31f\" data-element_type=\"widget\" data-settings=\"{&quot;video_type&quot;:&quot;hosted&quot;,&quot;autoplay&quot;:&quot;yes&quot;,&quot;play_on_mobile&quot;:&quot;yes&quot;,&quot;loop&quot;:&quot;yes&quot;,&quot;controls&quot;:&quot;yes&quot;}\" data-widget_type=\"video.default\">\n\t\t\t\t\t\t\t<div class=\"e-hosted-video elementor-wrapper elementor-open-inline\">\n\t\t\t\t\t<video class=\"elementor-video\" src=\"https:\/\/harmonybytuzel.com\/wp-content\/uploads\/2026\/02\/HARMONY-GEREK-2.mp4\" autoplay=\"\" loop=\"\" controls=\"\" playsinline=\"\"><\/video>\n\t\t\t\t<\/div>\n\t\t\t\t\t\t<\/div>\n\t\t\t\t\t<\/div>\n\t\t\t\t<\/div>\n\t\t<div class=\"elementor-element elementor-element-b7ba725 e-flex e-con-boxed e-con e-parent\" data-id=\"b7ba725\" data-element_type=\"container\">\n\t\t\t\t\t<div class=\"e-con-inner\">\n\t\t\t\t<div class=\"elementor-element elementor-element-d5f7c8a elementor-widget elementor-widget-image\" data-id=\"d5f7c8a\" data-element_type=\"widget\" data-widget_type=\"image.default\">\n\t\t\t\t\t\t\t\t\t\t\t\t\t\t\t\t<a href=\"mailto:%20info@harmonybytuzel.com\">\n\t\t\t\t\t\t\t<img decoding=\"async\" width=\"1141\" height=\"85\" src=\"https:\/\/harmonybytuzel.com\/wp-content\/uploads\/2026\/01\/HARMONY_TOP_BANNER_2.jpg\" class=\"attachment-full size-full wp-image-1739\" alt=\"\" srcset=\"https:\/\/harmonybytuzel.com\/wp-content\/uploads\/2026\/01\/HARMONY_TOP_BANNER_2.jpg 1141w, https:\/\/harmonybytuzel.com\/wp-content\/uploads\/2026\/01\/HARMONY_TOP_BANNER_2-300x22.jpg 300w, https:\/\/harmonybytuzel.com\/wp-content\/uploads\/2026\/01\/HARMONY_TOP_BANNER_2-1024x76.jpg 1024w, https:\/\/harmonybytuzel.com\/wp-content\/uploads\/2026\/01\/HARMONY_TOP_BANNER_2-768x57.jpg 768w\" sizes=\"(max-width: 1141px) 100vw, 1141px\" \/>\t\t\t\t\t\t\t\t<\/a>\n\t\t\t\t\t\t\t\t\t\t\t\t\t\t\t<\/div>\n\t\t\t\t\t<\/div>\n\t\t\t\t<\/div>\n\t\t<div class=\"elementor-element elementor-element-b7f69f3 e-flex e-con-boxed e-con e-parent\" data-id=\"b7f69f3\" data-element_type=\"container\">\n\t\t\t\t\t<div class=\"e-con-inner\">\n\t\t\t\t<div class=\"elementor-element elementor-element-2cd0e44 elementor-widget elementor-widget-image-carousel\" data-id=\"2cd0e44\" data-element_type=\"widget\" data-settings=\"{&quot;slides_to_show&quot;:&quot;1&quot;,&quot;navigation&quot;:&quot;none&quot;,&quot;effect&quot;:&quot;fade&quot;,&quot;speed&quot;:500}\" data-widget_type=\"image-carousel.default\">\n\t\t\t\t\t\t\t<div class=\"elementor-image-carousel-wrapper swiper\" role=\"region\" aria-roledescription=\"carousel\" aria-label=\"Image Loop\" dir=\"ltr\">\n\t\t\t<div class=\"elementor-image-carousel swiper-wrapper\" aria-live=\"polite\">\n\t\t\t\t\t\t\t\t<div class=\"swiper-slide\" role=\"group\" aria-roledescription=\"slide\" aria-label=\"1 of 1\"><a data-elementor-open-lightbox=\"yes\" data-elementor-lightbox-slideshow=\"2cd0e44\" data-elementor-lightbox-title=\"edergilikler\" data-elementor-lightbox-description=\"Dergilerimizi, dijital platformlardan \u00fccretsiz olarak okuyabilir indirebilirsiniz. KEY\u0130FL\u0130 OKUMALAR.\" data-e-action-hash=\"#elementor-action%3Aaction%3Dlightbox%26settings%3DeyJpZCI6MTc2OCwidXJsIjoiaHR0cHM6XC9cL2hhcm1vbnlieXR1emVsLmNvbVwvd3AtY29udGVudFwvdXBsb2Fkc1wvMjAyNlwvMDFcL2VkZXJnaWxpa2xlci5wbmciLCJzbGlkZXNob3ciOiIyY2QwZTQ0In0%3D\" href=\"https:\/\/www.dijitalbasin.com\/Read\/3479\/harmony-by-tuzel\" target=\"_blank\"><figure class=\"swiper-slide-inner\"><img decoding=\"async\" class=\"swiper-slide-image\" src=\"https:\/\/harmonybytuzel.com\/wp-content\/uploads\/2026\/01\/edergilikler-300x48.png\" alt=\"Dergimizi, dijital platformlardan \u00dcCRETS\u0130Z olarak okuyabilir indirebilirsiniz. KEY\u0130FL\u0130 OKUMALAR.\" \/><figcaption class=\"elementor-image-carousel-caption\">You can read and download our magazine for FREE on digital platforms. ENJOY YOUR READING.<\/figcaption><\/figure><\/a><\/div>\t\t\t<\/div>\n\t\t\t\t\t<\/div>\n\t\t\t\t\t\t<\/div>\n\t\t\t\t\t<\/div>\n\t\t\t\t<\/div>\n\t\t\t\t<\/div>","protected":false},"excerpt":{"rendered":"<p>Instagram https:\/\/harmonybytuzel.com\/wp-content\/uploads\/2026\/02\/HARMONY-GEREK-2.mp4 Dergimizi, dijital platformlardan \u00dcCRETS\u0130Z olarak okuyabilir indirebilirsiniz. KEY\u0130FL\u0130 OKUMALAR.<\/p>","protected":false},"author":3,"featured_media":0,"parent":0,"menu_order":0,"comment_status":"closed","ping_status":"closed","template":"elementor-template.php","meta":{"inline_featured_image":false,"footnotes":""},"class_list":["post-8","page","type-page","status-publish","hentry"],"yoast_head":"<!-- This site is optimized with the Yoast SEO plugin v26.9 - https:\/\/yoast.com\/product\/yoast-seo-wordpress\/ -->\n<title>ANASAYFA - Harmony By T\u00fczel<\/title>\n<meta name=\"robots\" content=\"index, follow, max-snippet:-1, max-image-preview:large, max-video-preview:-1\" \/>\n<link rel=\"canonical\" href=\"https:\/\/harmonybytuzel.com\/en\/\" \/>\n<meta property=\"og:locale\" content=\"en_GB\" \/>\n<meta property=\"og:type\" content=\"article\" \/>\n<meta property=\"og:title\" content=\"ANASAYFA - Harmony By T\u00fczel\" \/>\n<meta property=\"og:description\" content=\"Instagram https:\/\/harmonybytuzel.com\/wp-content\/uploads\/2026\/02\/HARMONY-GEREK-2.mp4 Dergimizi, dijital platformlardan \u00dcCRETS\u0130Z olarak okuyabilir indirebilirsiniz. KEY\u0130FL\u0130 OKUMALAR.\" \/>\n<meta property=\"og:url\" content=\"https:\/\/harmonybytuzel.com\/en\/\" \/>\n<meta property=\"og:site_name\" content=\"Harmony By T\u00fczel\" \/>\n<meta property=\"article:modified_time\" content=\"2026-02-04T23:52:58+00:00\" \/>\n<meta property=\"og:image\" content=\"https:\/\/harmonybytuzel.com\/wp-content\/uploads\/2026\/01\/HARMONY_TOP_BANNER.jpg\" \/>\n\t<meta property=\"og:image:width\" content=\"1141\" \/>\n\t<meta property=\"og:image:height\" content=\"171\" \/>\n\t<meta property=\"og:image:type\" content=\"image\/jpeg\" \/>\n<meta name=\"twitter:card\" content=\"summary_large_image\" \/>\n<meta name=\"twitter:label1\" content=\"Estimated reading time\" \/>\n\t<meta name=\"twitter:data1\" content=\"1 minute\" \/>\n<script type=\"application\/ld+json\" class=\"yoast-schema-graph\">{\"@context\":\"https:\/\/schema.org\",\"@graph\":[{\"@type\":\"WebPage\",\"@id\":\"https:\/\/harmonybytuzel.com\/\",\"url\":\"https:\/\/harmonybytuzel.com\/\",\"name\":\"ANASAYFA - Harmony By T\u00fczel\",\"isPartOf\":{\"@id\":\"https:\/\/harmonybytuzel.com\/#website\"},\"primaryImageOfPage\":{\"@id\":\"https:\/\/harmonybytuzel.com\/#primaryimage\"},\"image\":{\"@id\":\"https:\/\/harmonybytuzel.com\/#primaryimage\"},\"thumbnailUrl\":\"https:\/\/harmonybytuzel.com\/wp-content\/uploads\/2026\/01\/HARMONY_TOP_BANNER.jpg\",\"datePublished\":\"2021-12-25T05:23:13+00:00\",\"dateModified\":\"2026-02-04T23:52:58+00:00\",\"breadcrumb\":{\"@id\":\"https:\/\/harmonybytuzel.com\/#breadcrumb\"},\"inLanguage\":\"en-GB\",\"potentialAction\":[{\"@type\":\"ReadAction\",\"target\":[\"https:\/\/harmonybytuzel.com\/\"]}]},{\"@type\":\"ImageObject\",\"inLanguage\":\"en-GB\",\"@id\":\"https:\/\/harmonybytuzel.com\/#primaryimage\",\"url\":\"https:\/\/harmonybytuzel.com\/wp-content\/uploads\/2026\/01\/HARMONY_TOP_BANNER.jpg\",\"contentUrl\":\"https:\/\/harmonybytuzel.com\/wp-content\/uploads\/2026\/01\/HARMONY_TOP_BANNER.jpg\"},{\"@type\":\"BreadcrumbList\",\"@id\":\"https:\/\/harmonybytuzel.com\/#breadcrumb\",\"itemListElement\":[{\"@type\":\"ListItem\",\"position\":1,\"name\":\"Anasayfa\",\"item\":\"https:\/\/harmonybytuzel.com\/\"},{\"@type\":\"ListItem\",\"position\":2,\"name\":\"ANASAYFA\"}]},{\"@type\":\"WebSite\",\"@id\":\"https:\/\/harmonybytuzel.com\/#website\",\"url\":\"https:\/\/harmonybytuzel.com\/\",\"name\":\"Harmony By T\u00fczel\",\"description\":\"S\u0131n\u0131rlar\u0131n \u00d6tesinde, Ke\u015ffin \u0130zinde. \u2022 Beyond Borders, In Pursuit of Discovery.\",\"publisher\":{\"@id\":\"https:\/\/harmonybytuzel.com\/#organization\"},\"potentialAction\":[{\"@type\":\"SearchAction\",\"target\":{\"@type\":\"EntryPoint\",\"urlTemplate\":\"https:\/\/harmonybytuzel.com\/?s={search_term_string}\"},\"query-input\":{\"@type\":\"PropertyValueSpecification\",\"valueRequired\":true,\"valueName\":\"search_term_string\"}}],\"inLanguage\":\"en-GB\"},{\"@type\":\"Organization\",\"@id\":\"https:\/\/harmonybytuzel.com\/#organization\",\"name\":\"Harmony By T\u00fczel\",\"url\":\"https:\/\/harmonybytuzel.com\/\",\"logo\":{\"@type\":\"ImageObject\",\"inLanguage\":\"en-GB\",\"@id\":\"https:\/\/harmonybytuzel.com\/#\/schema\/logo\/image\/\",\"url\":\"https:\/\/harmonybytuzel.com\/wp-content\/uploads\/2026\/01\/cropped-Dergi.Logo_.png\",\"contentUrl\":\"https:\/\/harmonybytuzel.com\/wp-content\/uploads\/2026\/01\/cropped-Dergi.Logo_.png\",\"width\":2362,\"height\":2362,\"caption\":\"Harmony By T\u00fczel\"},\"image\":{\"@id\":\"https:\/\/harmonybytuzel.com\/#\/schema\/logo\/image\/\"},\"sameAs\":[\"https:\/\/www.instagram.com\/harmonybytuzel\/\"]}]}<\/script>\n<!-- \/ Yoast SEO plugin. -->","yoast_head_json":{"title":"ANASAYFA - Harmony By T\u00fczel","robots":{"index":"index","follow":"follow","max-snippet":"max-snippet:-1","max-image-preview":"max-image-preview:large","max-video-preview":"max-video-preview:-1"},"canonical":"https:\/\/harmonybytuzel.com\/en\/","og_locale":"en_GB","og_type":"article","og_title":"ANASAYFA - Harmony By T\u00fczel","og_description":"Instagram https:\/\/harmonybytuzel.com\/wp-content\/uploads\/2026\/02\/HARMONY-GEREK-2.mp4 Dergimizi, dijital platformlardan \u00dcCRETS\u0130Z olarak okuyabilir indirebilirsiniz. KEY\u0130FL\u0130 OKUMALAR.","og_url":"https:\/\/harmonybytuzel.com\/en\/","og_site_name":"Harmony By T\u00fczel","article_modified_time":"2026-02-04T23:52:58+00:00","og_image":[{"width":1141,"height":171,"url":"https:\/\/harmonybytuzel.com\/wp-content\/uploads\/2026\/01\/HARMONY_TOP_BANNER.jpg","type":"image\/jpeg"}],"twitter_card":"summary_large_image","twitter_misc":{"Estimated reading time":"1 minute"},"schema":{"@context":"https:\/\/schema.org","@graph":[{"@type":"WebPage","@id":"https:\/\/harmonybytuzel.com\/","url":"https:\/\/harmonybytuzel.com\/","name":"ANASAYFA - Harmony By T\u00fczel","isPartOf":{"@id":"https:\/\/harmonybytuzel.com\/#website"},"primaryImageOfPage":{"@id":"https:\/\/harmonybytuzel.com\/#primaryimage"},"image":{"@id":"https:\/\/harmonybytuzel.com\/#primaryimage"},"thumbnailUrl":"https:\/\/harmonybytuzel.com\/wp-content\/uploads\/2026\/01\/HARMONY_TOP_BANNER.jpg","datePublished":"2021-12-25T05:23:13+00:00","dateModified":"2026-02-04T23:52:58+00:00","breadcrumb":{"@id":"https:\/\/harmonybytuzel.com\/#breadcrumb"},"inLanguage":"en-GB","potentialAction":[{"@type":"ReadAction","target":["https:\/\/harmonybytuzel.com\/"]}]},{"@type":"ImageObject","inLanguage":"en-GB","@id":"https:\/\/harmonybytuzel.com\/#primaryimage","url":"https:\/\/harmonybytuzel.com\/wp-content\/uploads\/2026\/01\/HARMONY_TOP_BANNER.jpg","contentUrl":"https:\/\/harmonybytuzel.com\/wp-content\/uploads\/2026\/01\/HARMONY_TOP_BANNER.jpg"},{"@type":"BreadcrumbList","@id":"https:\/\/harmonybytuzel.com\/#breadcrumb","itemListElement":[{"@type":"ListItem","position":1,"name":"Anasayfa","item":"https:\/\/harmonybytuzel.com\/"},{"@type":"ListItem","position":2,"name":"ANASAYFA"}]},{"@type":"WebSite","@id":"https:\/\/harmonybytuzel.com\/#website","url":"https:\/\/harmonybytuzel.com\/","name":"Harmony By\u00fczel","description":"S\u0131n\u0131rlar\u0131n \u00d6tesinde, Ke\u015ffin \u0130zinde. \u2022 Beyond Borders, In Pursuit of Discovery.","publisher":{"@id":"https:\/\/harmonybytuzel.com\/#organization"},"potentialAction":[{"@type":"SearchAction","target":{"@type":"EntryPoint","urlTemplate":"https:\/\/harmonybytuzel.com\/?s={search_term_string}"},"query-input":{"@type":"PropertyValueSpecification","valueRequired":true,"valueName":"search_term_string"}}],"inLanguage":"en-GB"},{"@type":"Organization","@id":"https:\/\/harmonybytuzel.com\/#organization","name":"Harmony By\u00fczel","url":"https:\/\/harmonybytuzel.com\/","logo":{"@type":"ImageObject","inLanguage":"en-GB","@id":"https:\/\/harmonybytuzel.com\/#\/schema\/logo\/image\/","url":"https:\/\/harmonybytuzel.com\/wp-content\/uploads\/2026\/01\/cropped-Dergi.Logo_.png","contentUrl":"https:\/\/harmonybytuzel.com\/wp-content\/uploads\/2026\/01\/cropped-Dergi.Logo_.png","width":2362,"height":2362,"caption":"Harmony By T\u00fczel"},"image":{"@id":"https:\/\/harmonybytuzel.com\/#\/schema\/logo\/image\/"},"sameAs":["https:\/\/www.instagram.com\/harmonybytuzel\/"]}]}},"amp_enabled":false,"_links":{"self":[{"href":"https:\/\/harmonybytuzel.com\/en\/wp-json\/wp\/v2\/pages\/8","targetHints":{"allow":["GET"]}}],"collection":[{"href":"https:\/\/harmonybytuzel.com\/en\/wp-json\/wp\/v2\/pages"}],"about":[{"href":"https:\/\/harmonybytuzel.com\/en\/wp-json\/wp\/v2\/types\/page"}],"author":[{"embeddable":true,"href":"https:\/\/harmonybytuzel.com\/en\/wp-json\/wp\/v2\/users\/3"}],"replies":[{"embeddable":true,"href":"https:\/\/harmonybytuzel.com\/en\/wp-json\/wp\/v2\/comments?post=8"}],"version-history":[{"count":65,"href":"https:\/\/harmonybytuzel.com\/en\/wp-json\/wp\/v2\/pages\/8\/revisions"}],"predecessor-version":[{"id":1901,"href":"https:\/\/harmonybytuzel.com\/en\/wp-json\/wp\/v2\/pages\/8\/revisions\/1901"}],"wp:attachment":[{"href":"https:\/\/harmonybytuzel.com\/en\/wp-json\/wp\/v2\/media?parent=8"}],"curies":[{"name":"wp","href":"https:\/\/api.w.org\/{rel}","templated":true}]}}